{"id":10,"date":"2017-11-02T05:15:56","date_gmt":"2017-11-02T04:15:56","guid":{"rendered":"https:\/\/www.grandhotellapland.se\/?page_id=10"},"modified":"2026-02-16T08:45:44","modified_gmt":"2026-02-16T07:45:44","slug":"hotell","status":"publish","type":"page","link":"https:\/\/www.grandhotellapland.se\/en\/hotell\/","title":{"rendered":"Hotel room"},"content":{"rendered":"<div data-elementor-type=\"wp-post\" data-elementor-id=\"10\" class=\"elementor elementor-10\" data-elementor-post-type=\"page\">\n\t\t\t\t\t\t<section class=\"elementor-section elementor-top-section elementor-element elementor-element-4e8f6bd elementor-section-boxed elementor-section-height-default elementor-section-height-default\" data-id=\"4e8f6bd\" data-element_type=\"section\">\n\t\t\t\t\t\t<div class=\"elementor-container elementor-column-gap-default\">\n\t\t\t\t\t<div class=\"elementor-column elementor-col-100 elementor-top-column elementor-element elementor-element-6eb5e27\" data-id=\"6eb5e27\" data-element_type=\"column\">\n\t\t\t<div class=\"elementor-widget-wrap elementor-element-populated\">\n\t\t\t\t\t\t<div class=\"elementor-element elementor-element-2d60c9d elementor-widget elementor-widget-heading\" data-id=\"2d60c9d\" data-element_type=\"widget\" data-widget_type=\"heading.default\">\n\t\t\t\t<div class=\"elementor-widget-container\">\n\t\t\t\t\t<h3 class=\"elementor-heading-title elementor-size-default\">Vi har 174 rum och fr\u00e5n m\u00e5nga av dem har du \nen oslagbar utsikt \u00f6ver Dundrets vidder<\/h3>\t\t\t\t<\/div>\n\t\t\t\t<\/div>\n\t\t\t\t<div class=\"elementor-element elementor-element-a0ecfc8 elementor-widget elementor-widget-shortcode\" data-id=\"a0ecfc8\" data-element_type=\"widget\" data-widget_type=\"shortcode.default\">\n\t\t\t\t<div class=\"elementor-widget-container\">\n\t\t\t\t\t\t\t<div class=\"elementor-shortcode\"><script charset=\"UTF-8\" type=\"text\/javascript\" src=\"https:\/\/online.bookvisit.com\/Content\/flexwidget\/FlexWidgetFullScripts.min.js\"><\/script>\n\t<script charset=\"UTF-8\" type=\"text\/javascript\">\n\t(function($) {\n\t\t$.ajax({\n\t\tdataType: \"json\",\n\t\turl: \"https:\/\/online.bookvisit.com\/v2\/widget\/getwidget?channelId=a49e9cfa-9657-43c6-9e4a-b9b80823199a&culture=sv-SE&containerId=widgetContainer&layout=Standard2Columns&openOption=Iframe&displayPromoCode=False&displayCorpCode=False&displayIATACode=False&jsoncallback=?\",\n\t\txhrFields: { withCredentials: true },\n\t\tsuccess: function(json) {\n\t\t\t$(\"#widgetContainer\").html(json.Widget);\n\t\t}\n\t\t});\n\t})(bvJQuery);\n<\/script>\n<div id=\"widgetContainer\"><\/div><\/div>\n\t\t\t\t\t\t<\/div>\n\t\t\t\t<\/div>\n\t\t\t\t\t<\/div>\n\t\t<\/div>\n\t\t\t\t\t<\/div>\n\t\t<\/section>\n\t\t\t\t<section class=\"elementor-section elementor-top-section elementor-element elementor-element-xwoclra elementor-section-boxed elementor-section-height-default elementor-section-height-default\" data-id=\"xwoclra\" data-element_type=\"section\" data-settings=\"{&quot;background_background&quot;:&quot;classic&quot;}\">\n\t\t\t\t\t\t<div class=\"elementor-container elementor-column-gap-wide\">\n\t\t\t\t\t<div class=\"elementor-column elementor-col-100 elementor-top-column elementor-element elementor-element-yzviztx\" data-id=\"yzviztx\" data-element_type=\"column\">\n\t\t\t<div class=\"elementor-widget-wrap elementor-element-populated\">\n\t\t\t\t\t\t<div class=\"elementor-element elementor-element-jtdgjpu elementor-widget elementor-widget-heading\" data-id=\"jtdgjpu\" data-element_type=\"widget\" data-widget_type=\"heading.default\">\n\t\t\t\t<div class=\"elementor-widget-container\">\n\t\t\t\t\t<h2 class=\"elementor-heading-title elementor-size-default\">Our Hotel rooms<\/h2>\t\t\t\t<\/div>\n\t\t\t\t<\/div>\n\t\t\t\t<div class=\"elementor-element elementor-element-0f0e479 elementor-widget elementor-widget-text-editor\" data-id=\"0f0e479\" data-element_type=\"widget\" data-widget_type=\"text-editor.default\">\n\t\t\t\t<div class=\"elementor-widget-container\">\n\t\t\t\t\t\t\t\t\t<p style=\"text-align: center;\">Below you can read about our hotel rooms, for current accommodation prices &amp; offers \/ packages go to our online booking page above.<\/p><p style=\"text-align: center;\">Hos oss \u00e4r hundar till\u00e5tna i vissa utvalda rum. En avgift om 150 kr tillkommer per natt.\u00a0<br \/><span style=\"font-size: 1rem;\">Please contact reception at <a href=\"mailto:info@ghl.se\">info@ghl.se<\/a> if you wish to book your dog, dog only allowed on request<\/span><\/p><p style=\"text-align: center;\"><strong>Included in our prices:<\/strong>\u00a0<br \/>Frukost, gym, bastu &amp; relax, kaffe\/te, wifi samt fri entr\u00e9 till v\u00e5ra n\u00f6jen (vissa event kan vara undantagna)<\/p><p style=\"text-align: center;\"><em>If you do not choose an option with flexible cancellation terms, it is non-refundable<\/em><\/p><p style=\"text-align: center;\"><em>\u00a0<\/em><\/p>\t\t\t\t\t\t\t\t<\/div>\n\t\t\t\t<\/div>\n\t\t\t\t<div class=\"elementor-element elementor-element-33fa4bf elementor-grid-3 elementor-grid-tablet-2 elementor-grid-mobile-1 elementor-posts--thumbnail-top elementor-card-shadow-yes elementor-posts__hover-gradient elementor-widget elementor-widget-global elementor-global-1051 elementor-widget-posts\" data-id=\"33fa4bf\" data-element_type=\"widget\" data-settings=\"{&quot;cards_row_gap&quot;:{&quot;unit&quot;:&quot;px&quot;,&quot;size&quot;:27,&quot;sizes&quot;:[]},&quot;cards_columns&quot;:&quot;3&quot;,&quot;cards_columns_tablet&quot;:&quot;2&quot;,&quot;cards_columns_mobile&quot;:&quot;1&quot;,&quot;cards_row_gap_tablet&quot;:{&quot;unit&quot;:&quot;px&quot;,&quot;size&quot;:&quot;&quot;,&quot;sizes&quot;:[]},&quot;cards_row_gap_mobile&quot;:{&quot;unit&quot;:&quot;px&quot;,&quot;size&quot;:&quot;&quot;,&quot;sizes&quot;:[]}}\" data-widget_type=\"posts.cards\">\n\t\t\t\t<div class=\"elementor-widget-container\">\n\t\t\t\t\t\t\t<div class=\"elementor-posts-container elementor-posts elementor-posts--skin-cards elementor-grid\">\n\t\t\t\t<article class=\"elementor-post elementor-grid-item post-16 page type-page status-publish has-post-thumbnail hentry kategori-hotellrum\">\n\t\t\t<div class=\"elementor-post__card\">\n\t\t\t\t<a class=\"elementor-post__thumbnail__link\" href=\"https:\/\/www.grandhotellapland.se\/en\/hotell\/deluxe-enkelrum\/\" tabindex=\"-1\" ><div class=\"elementor-post__thumbnail\"><img fetchpriority=\"high\" decoding=\"async\" width=\"300\" height=\"200\" src=\"https:\/\/www.grandhotellapland.se\/wp-content\/uploads\/2018\/10\/deluxe-enkelrum-300x200.jpg\" class=\"attachment-medium size-medium wp-image-617\" alt=\"\" srcset=\"https:\/\/www.grandhotellapland.se\/wp-content\/uploads\/2018\/10\/deluxe-enkelrum-300x200.jpg 300w, https:\/\/www.grandhotellapland.se\/wp-content\/uploads\/2018\/10\/deluxe-enkelrum-768x511.jpg 768w, https:\/\/www.grandhotellapland.se\/wp-content\/uploads\/2018\/10\/deluxe-enkelrum-1024x681.jpg 1024w\" sizes=\"(max-width: 300px) 100vw, 300px\" \/><\/div><\/a>\n\t\t\t\t<div class=\"elementor-post__text\">\n\t\t\t\t<h3 class=\"elementor-post__title\">\n\t\t\t<a href=\"https:\/\/www.grandhotellapland.se\/en\/hotell\/deluxe-enkelrum\/\" >\n\t\t\t\tEnkelrum\t\t\t<\/a>\n\t\t<\/h3>\n\t\t\t\t<div class=\"elementor-post__excerpt\">\n\t\t\t<p>Enkelrum<br \/>\nBreakfast included<br \/>\nFree Wi-Fi<br \/>\n1 person<\/p>\n\t\t<\/div>\n\t\t\t\t<\/div>\n\t\t\t\t\t<\/div>\n\t\t<\/article>\n\t\t\t\t<article class=\"elementor-post elementor-grid-item post-12 page type-page status-publish has-post-thumbnail hentry kategori-hotellrum\">\n\t\t\t<div class=\"elementor-post__card\">\n\t\t\t\t<a class=\"elementor-post__thumbnail__link\" href=\"https:\/\/www.grandhotellapland.se\/en\/hotell\/superior-enkelrum\/\" tabindex=\"-1\" ><div class=\"elementor-post__thumbnail\"><img decoding=\"async\" width=\"300\" height=\"171\" src=\"https:\/\/www.grandhotellapland.se\/wp-content\/uploads\/2018\/10\/superior-enkelrum-300x171.jpg\" class=\"attachment-medium size-medium wp-image-618\" alt=\"\" srcset=\"https:\/\/www.grandhotellapland.se\/wp-content\/uploads\/2018\/10\/superior-enkelrum-300x171.jpg 300w, https:\/\/www.grandhotellapland.se\/wp-content\/uploads\/2018\/10\/superior-enkelrum.jpg 700w\" sizes=\"(max-width: 300px) 100vw, 300px\" \/><\/div><\/a>\n\t\t\t\t<div class=\"elementor-post__text\">\n\t\t\t\t<h3 class=\"elementor-post__title\">\n\t\t\t<a href=\"https:\/\/www.grandhotellapland.se\/en\/hotell\/superior-enkelrum\/\" >\n\t\t\t\tSuperior Single Room\t\t\t<\/a>\n\t\t<\/h3>\n\t\t\t\t<div class=\"elementor-post__excerpt\">\n\t\t\t<p>Superior Single Room<br \/>\nBreakfast included<br \/>\nFree Wi-Fi<br \/>\n1 person<\/p>\n\t\t<\/div>\n\t\t\t\t<\/div>\n\t\t\t\t\t<\/div>\n\t\t<\/article>\n\t\t\t\t<article class=\"elementor-post elementor-grid-item post-22 page type-page status-publish has-post-thumbnail hentry kategori-hotellrum\">\n\t\t\t<div class=\"elementor-post__card\">\n\t\t\t\t<a class=\"elementor-post__thumbnail__link\" href=\"https:\/\/www.grandhotellapland.se\/en\/hotell\/deluxe-dubbelrum\/\" tabindex=\"-1\" ><div class=\"elementor-post__thumbnail\"><img decoding=\"async\" width=\"300\" height=\"171\" src=\"https:\/\/www.grandhotellapland.se\/wp-content\/uploads\/2018\/10\/deluxe-dubbelrum-2-personer-300x171.jpg\" class=\"attachment-medium size-medium wp-image-614\" alt=\"\" srcset=\"https:\/\/www.grandhotellapland.se\/wp-content\/uploads\/2018\/10\/deluxe-dubbelrum-2-personer-300x171.jpg 300w, https:\/\/www.grandhotellapland.se\/wp-content\/uploads\/2018\/10\/deluxe-dubbelrum-2-personer.jpg 700w\" sizes=\"(max-width: 300px) 100vw, 300px\" \/><\/div><\/a>\n\t\t\t\t<div class=\"elementor-post__text\">\n\t\t\t\t<h3 class=\"elementor-post__title\">\n\t\t\t<a href=\"https:\/\/www.grandhotellapland.se\/en\/hotell\/deluxe-dubbelrum\/\" >\n\t\t\t\tDubbelrum\/tv\u00e5b\u00e4ddsrum\t\t\t<\/a>\n\t\t<\/h3>\n\t\t\t\t<div class=\"elementor-post__excerpt\">\n\t\t\t<p>Dubbelrum\/tv\u00e5b\u00e4ddsrum<br \/>\nBreakfast included<br \/>\nFree Wi-Fi<\/p>\n\t\t<\/div>\n\t\t\t\t<\/div>\n\t\t\t\t\t<\/div>\n\t\t<\/article>\n\t\t\t\t<article class=\"elementor-post elementor-grid-item post-20 page type-page status-publish has-post-thumbnail hentry kategori-hotellrum\">\n\t\t\t<div class=\"elementor-post__card\">\n\t\t\t\t<a class=\"elementor-post__thumbnail__link\" href=\"https:\/\/www.grandhotellapland.se\/en\/hotell\/superior-dubbelrum\/\" tabindex=\"-1\" ><div class=\"elementor-post__thumbnail\"><img loading=\"lazy\" decoding=\"async\" width=\"300\" height=\"171\" src=\"https:\/\/www.grandhotellapland.se\/wp-content\/uploads\/2018\/10\/superior-dubbelrum-2-personer-300x171.jpg\" class=\"attachment-medium size-medium wp-image-615\" alt=\"\" srcset=\"https:\/\/www.grandhotellapland.se\/wp-content\/uploads\/2018\/10\/superior-dubbelrum-2-personer-300x171.jpg 300w, https:\/\/www.grandhotellapland.se\/wp-content\/uploads\/2018\/10\/superior-dubbelrum-2-personer.jpg 700w\" sizes=\"(max-width: 300px) 100vw, 300px\" \/><\/div><\/a>\n\t\t\t\t<div class=\"elementor-post__text\">\n\t\t\t\t<h3 class=\"elementor-post__title\">\n\t\t\t<a href=\"https:\/\/www.grandhotellapland.se\/en\/hotell\/superior-dubbelrum\/\" >\n\t\t\t\tSuperior Double Room\t\t\t<\/a>\n\t\t<\/h3>\n\t\t\t\t<div class=\"elementor-post__excerpt\">\n\t\t\t<p>Superior Double Room<br \/>\nBreakfast included<br \/>\nFree Wi-Fi<\/p>\n\t\t<\/div>\n\t\t\t\t<\/div>\n\t\t\t\t\t<\/div>\n\t\t<\/article>\n\t\t\t\t<article class=\"elementor-post elementor-grid-item post-27 page type-page status-publish has-post-thumbnail hentry kategori-hotellrum\">\n\t\t\t<div class=\"elementor-post__card\">\n\t\t\t\t<a class=\"elementor-post__thumbnail__link\" href=\"https:\/\/www.grandhotellapland.se\/en\/hotell\/svit\/\" tabindex=\"-1\" ><div class=\"elementor-post__thumbnail\"><img loading=\"lazy\" decoding=\"async\" width=\"300\" height=\"171\" src=\"https:\/\/www.grandhotellapland.se\/wp-content\/uploads\/2018\/10\/svit-300x171.jpg\" class=\"attachment-medium size-medium wp-image-612\" alt=\"\" srcset=\"https:\/\/www.grandhotellapland.se\/wp-content\/uploads\/2018\/10\/svit-300x171.jpg 300w, https:\/\/www.grandhotellapland.se\/wp-content\/uploads\/2018\/10\/svit.jpg 700w\" sizes=\"(max-width: 300px) 100vw, 300px\" \/><\/div><\/a>\n\t\t\t\t<div class=\"elementor-post__text\">\n\t\t\t\t<h3 class=\"elementor-post__title\">\n\t\t\t<a href=\"https:\/\/www.grandhotellapland.se\/en\/hotell\/svit\/\" >\n\t\t\t\tSuite\t\t\t<\/a>\n\t\t<\/h3>\n\t\t\t\t<div class=\"elementor-post__excerpt\">\n\t\t\t<p>Breakfast included<br \/>\nFree Wi-Fi<br \/>\n2800 SEK per night (up to 4 people)<\/p>\n\t\t<\/div>\n\t\t\t\t<\/div>\n\t\t\t\t\t<\/div>\n\t\t<\/article>\n\t\t\t\t<article class=\"elementor-post elementor-grid-item post-29 page type-page status-publish has-post-thumbnail hentry kategori-hotellrum\">\n\t\t\t<div class=\"elementor-post__card\">\n\t\t\t\t<a class=\"elementor-post__thumbnail__link\" href=\"https:\/\/www.grandhotellapland.se\/en\/hotell\/moderate-enkelrum\/\" tabindex=\"-1\" ><div class=\"elementor-post__thumbnail\"><img loading=\"lazy\" decoding=\"async\" width=\"300\" height=\"171\" src=\"https:\/\/www.grandhotellapland.se\/wp-content\/uploads\/2018\/10\/moderate-enkelrum-1-person-300x171.jpg\" class=\"attachment-medium size-medium wp-image-611\" alt=\"\" srcset=\"https:\/\/www.grandhotellapland.se\/wp-content\/uploads\/2018\/10\/moderate-enkelrum-1-person-300x171.jpg 300w, https:\/\/www.grandhotellapland.se\/wp-content\/uploads\/2018\/10\/moderate-enkelrum-1-person.jpg 700w\" sizes=\"(max-width: 300px) 100vw, 300px\" \/><\/div><\/a>\n\t\t\t\t<div class=\"elementor-post__text\">\n\t\t\t\t<h3 class=\"elementor-post__title\">\n\t\t\t<a href=\"https:\/\/www.grandhotellapland.se\/en\/hotell\/moderate-enkelrum\/\" >\n\t\t\t\tModerate Single Room\t\t\t<\/a>\n\t\t<\/h3>\n\t\t\t\t<div class=\"elementor-post__excerpt\">\n\t\t\t<p>Moderate room (without windows)<br \/>\nBreakfast included<br \/>\nFree Wi-Fi<\/p>\n\t\t<\/div>\n\t\t\t\t<\/div>\n\t\t\t\t\t<\/div>\n\t\t<\/article>\n\t\t\t\t<article class=\"elementor-post elementor-grid-item post-4706 page type-page status-publish has-post-thumbnail hentry kategori-hotellrum\">\n\t\t\t<div class=\"elementor-post__card\">\n\t\t\t\t<a class=\"elementor-post__thumbnail__link\" href=\"https:\/\/www.grandhotellapland.se\/en\/hotell\/husdjur\/\" tabindex=\"-1\" ><div class=\"elementor-post__thumbnail\"><img loading=\"lazy\" decoding=\"async\" width=\"300\" height=\"200\" src=\"https:\/\/www.grandhotellapland.se\/wp-content\/uploads\/2025\/05\/husdjur-300x200.jpeg\" class=\"attachment-medium size-medium wp-image-4707\" alt=\"\" srcset=\"https:\/\/www.grandhotellapland.se\/wp-content\/uploads\/2025\/05\/husdjur-300x200.jpeg 300w, https:\/\/www.grandhotellapland.se\/wp-content\/uploads\/2025\/05\/husdjur-1024x683.jpeg 1024w, https:\/\/www.grandhotellapland.se\/wp-content\/uploads\/2025\/05\/husdjur-768x512.jpeg 768w, https:\/\/www.grandhotellapland.se\/wp-content\/uploads\/2025\/05\/husdjur-1536x1024.jpeg 1536w, https:\/\/www.grandhotellapland.se\/wp-content\/uploads\/2025\/05\/husdjur-2048x1365.jpeg 2048w, https:\/\/www.grandhotellapland.se\/wp-content\/uploads\/2025\/05\/husdjur-18x12.jpeg 18w\" sizes=\"(max-width: 300px) 100vw, 300px\" \/><\/div><\/a>\n\t\t\t\t<div class=\"elementor-post__text\">\n\t\t\t\t<h3 class=\"elementor-post__title\">\n\t\t\t<a href=\"https:\/\/www.grandhotellapland.se\/en\/hotell\/husdjur\/\" >\n\t\t\t\tHusdjur\t\t\t<\/a>\n\t\t<\/h3>\n\t\t\t\t<div class=\"elementor-post__excerpt\">\n\t\t\t<p>Husdjur \u00e4r v\u00e4lkomna till oss! Uppge alltid att du har med dig en h\u00e5rig kompis s\u00e5 v\u00e4ljer vi ett av v\u00e5ra djurv\u00e4nligare rum till dig. En avgift p\u00e5 150 SEK\/natt tillkommer.<\/p>\n\t\t<\/div>\n\t\t\t\t<\/div>\n\t\t\t\t\t<\/div>\n\t\t<\/article>\n\t\t\t\t<\/div>\n\t\t\n\t\t\t\t\t\t<\/div>\n\t\t\t\t<\/div>\n\t\t\t\t\t<\/div>\n\t\t<\/div>\n\t\t\t\t\t<\/div>\n\t\t<\/section>\n\t\t\t\t<\/div>","protected":false},"excerpt":{"rendered":"<p>With pleasure and pride we welcome you to us at the Grand Hotel Lapland, a brand new conference and activity hotel in central G\u00e4llivare. <\/p>","protected":false},"author":8,"featured_media":986,"parent":0,"menu_order":10,"comment_status":"closed","ping_status":"closed","template":"","meta":{"_acf_changed":false,"footnotes":""},"grand_section":[54],"class_list":["post-10","page","type-page","status-publish","has-post-thumbnail","hentry","kategori-sektion","grand_section-framsida"],"acf":[],"_links":{"self":[{"href":"https:\/\/www.grandhotellapland.se\/en\/wp-json\/wp\/v2\/pages\/10","targetHints":{"allow":["GET"]}}],"collection":[{"href":"https:\/\/www.grandhotellapland.se\/en\/wp-json\/wp\/v2\/pages"}],"about":[{"href":"https:\/\/www.grandhotellapland.se\/en\/wp-json\/wp\/v2\/types\/page"}],"author":[{"embeddable":true,"href":"https:\/\/www.grandhotellapland.se\/en\/wp-json\/wp\/v2\/users\/8"}],"replies":[{"embeddable":true,"href":"https:\/\/www.grandhotellapland.se\/en\/wp-json\/wp\/v2\/comments?post=10"}],"version-history":[{"count":9,"href":"https:\/\/www.grandhotellapland.se\/en\/wp-json\/wp\/v2\/pages\/10\/revisions"}],"predecessor-version":[{"id":5128,"href":"https:\/\/www.grandhotellapland.se\/en\/wp-json\/wp\/v2\/pages\/10\/revisions\/5128"}],"wp:featuredmedia":[{"embeddable":true,"href":"https:\/\/www.grandhotellapland.se\/en\/wp-json\/wp\/v2\/media\/986"}],"wp:attachment":[{"href":"https:\/\/www.grandhotellapland.se\/en\/wp-json\/wp\/v2\/media?parent=10"}],"wp:term":[{"taxonomy":"grand_section","embeddable":true,"href":"https:\/\/www.grandhotellapland.se\/en\/wp-json\/wp\/v2\/grand_section?post=10"}],"curies":[{"name":"wp","href":"https:\/\/api.w.org\/{rel}","templated":true}]}}