{"id":118,"date":"2017-11-02T07:02:47","date_gmt":"2017-11-02T06:02:47","guid":{"rendered":"https:\/\/www.grandhotellapland.se\/?page_id=118"},"modified":"2025-11-17T12:22:26","modified_gmt":"2025-11-17T11:22:26","slug":"istappen","status":"publish","type":"page","link":"https:\/\/www.grandhotellapland.se\/en\/konferens\/istappen\/","title":{"rendered":"Istappen"},"content":{"rendered":"<div data-elementor-type=\"wp-page\" data-elementor-id=\"118\" class=\"elementor elementor-118\" data-elementor-post-type=\"page\">\n\t\t\t\t\t\t<section class=\"elementor-section elementor-top-section elementor-element elementor-element-39fed315 elementor-section-boxed elementor-section-height-default elementor-section-height-default\" data-id=\"39fed315\" data-element_type=\"section\">\n\t\t\t\t\t\t<div class=\"elementor-container elementor-column-gap-default\">\n\t\t\t\t\t<div class=\"elementor-column elementor-col-100 elementor-top-column elementor-element elementor-element-5ddb281d\" data-id=\"5ddb281d\" data-element_type=\"column\">\n\t\t\t<div class=\"elementor-widget-wrap elementor-element-populated\">\n\t\t\t\t\t\t<div class=\"elementor-element elementor-element-7c356fd8 elementor-widget elementor-widget-text-editor\" data-id=\"7c356fd8\" data-element_type=\"widget\" data-widget_type=\"text-editor.default\">\n\t\t\t\t<div class=\"elementor-widget-container\">\n\t\t\t\t\t\t\t\t\t<p>Stor rymlig lokal som passar bra st\u00f6rre s\u00e4llskap.<\/p><p>Equipped with:<\/p><ul><li>Projector\/Screen<\/li><li>Whiteboard<\/li><li>Clickshare ( tr\u00e5dl\u00f6s media\u00f6verf\u00f6ring)<\/li><li>Wireless connection to microphone and hearing loop.<\/li><li>Direct socket for HMDI and VGA connection<\/li><li>\u00a0Flera m\u00f6bleringsalternativ<\/li><\/ul><p>Antal:\u00a0 70 personer i skolsittning<br \/>Sittning: Grupp, skol, U, samt bio<br \/>Sqm: 113<\/p><p><em>Fyll i formul\u00e4ret nedan f\u00f6r att g\u00f6ra en f\u00f6rfr\u00e5gan. Vi svarar s\u00e5 snart vi kan, men f\u00e5r du inte svar inom tv\u00e5 arbetsdagar f\u00e5r du g\u00e4rna kontakta oss via e-post<a href=\"mailto:info@ghl.se\"> info@ghl.se<\/a> eller ringa 0970-77 22 90.<\/em><\/p>\t\t\t\t\t\t\t\t<\/div>\n\t\t\t\t<\/div>\n\t\t\t\t\t<\/div>\n\t\t<\/div>\n\t\t\t\t\t<\/div>\n\t\t<\/section>\n\t\t\t\t<\/div>","protected":false},"excerpt":{"rendered":"<p>Antal: 70 personer i skolsittning<br \/>\nSitting: School, Group, Cinema and U<br \/>\nSqm: 113<\/p>","protected":false},"author":8,"featured_media":783,"parent":76,"menu_order":2,"comment_status":"closed","ping_status":"closed","template":"","meta":{"_acf_changed":false,"footnotes":""},"grand_section":[],"class_list":["post-118","page","type-page","status-publish","has-post-thumbnail","hentry","kategori-konferensrum"],"acf":[],"_links":{"self":[{"href":"https:\/\/www.grandhotellapland.se\/en\/wp-json\/wp\/v2\/pages\/118","targetHints":{"allow":["GET"]}}],"collection":[{"href":"https:\/\/www.grandhotellapland.se\/en\/wp-json\/wp\/v2\/pages"}],"about":[{"href":"https:\/\/www.grandhotellapland.se\/en\/wp-json\/wp\/v2\/types\/page"}],"author":[{"embeddable":true,"href":"https:\/\/www.grandhotellapland.se\/en\/wp-json\/wp\/v2\/users\/8"}],"replies":[{"embeddable":true,"href":"https:\/\/www.grandhotellapland.se\/en\/wp-json\/wp\/v2\/comments?post=118"}],"version-history":[{"count":5,"href":"https:\/\/www.grandhotellapland.se\/en\/wp-json\/wp\/v2\/pages\/118\/revisions"}],"predecessor-version":[{"id":4986,"href":"https:\/\/www.grandhotellapland.se\/en\/wp-json\/wp\/v2\/pages\/118\/revisions\/4986"}],"up":[{"embeddable":true,"href":"https:\/\/www.grandhotellapland.se\/en\/wp-json\/wp\/v2\/pages\/76"}],"wp:featuredmedia":[{"embeddable":true,"href":"https:\/\/www.grandhotellapland.se\/en\/wp-json\/wp\/v2\/media\/783"}],"wp:attachment":[{"href":"https:\/\/www.grandhotellapland.se\/en\/wp-json\/wp\/v2\/media?parent=118"}],"wp:term":[{"taxonomy":"grand_section","embeddable":true,"href":"https:\/\/www.grandhotellapland.se\/en\/wp-json\/wp\/v2\/grand_section?post=118"}],"curies":[{"name":"wp","href":"https:\/\/api.w.org\/{rel}","templated":true}]}}