{"id":125,"date":"2017-11-02T07:12:13","date_gmt":"2017-11-02T06:12:13","guid":{"rendered":"https:\/\/www.grandhotellapland.se\/?page_id=125"},"modified":"2025-09-03T09:32:26","modified_gmt":"2025-09-03T07:32:26","slug":"isen","status":"publish","type":"page","link":"https:\/\/www.grandhotellapland.se\/en\/konferens\/isen\/","title":{"rendered":"Isen"},"content":{"rendered":"<div data-elementor-type=\"wp-page\" data-elementor-id=\"125\" class=\"elementor elementor-125\" data-elementor-post-type=\"page\">\n\t\t\t\t\t\t<section class=\"elementor-section elementor-top-section elementor-element elementor-element-1c90d574 elementor-section-boxed elementor-section-height-default elementor-section-height-default\" data-id=\"1c90d574\" data-element_type=\"section\">\n\t\t\t\t\t\t<div class=\"elementor-container elementor-column-gap-default\">\n\t\t\t\t\t<div class=\"elementor-column elementor-col-100 elementor-top-column elementor-element elementor-element-2c998f4e\" data-id=\"2c998f4e\" data-element_type=\"column\">\n\t\t\t<div class=\"elementor-widget-wrap elementor-element-populated\">\n\t\t\t\t\t\t<div class=\"elementor-element elementor-element-112402a1 elementor-widget elementor-widget-text-editor\" data-id=\"112402a1\" data-element_type=\"widget\" data-widget_type=\"text-editor.default\">\n\t\t\t\t<div class=\"elementor-widget-container\">\n\t\t\t\t\t\t\t\t\t<p>Group room with board meetings.<\/p><p>Equipped with:<\/p><ul><li>55\" screen for presentations<\/li><li>Whiteboard<\/li><li>Direct socket for HMDI and VGA connection<\/li><\/ul><p>Antal: Max 12 personer<br \/>Sittning: Styrelsesittning<br \/>Sqm: 23<\/p><p><em>Fyll i formul\u00e4ret nedan f\u00f6r att g\u00f6ra en f\u00f6rfr\u00e5gan. Vi svarar s\u00e5 snart vi kan, men f\u00e5r du inte svar inom tv\u00e5 arbetsdagar f\u00e5r du g\u00e4rna kontakta oss via e-post<a href=\"mailto:info@ghl.se\"> info@ghl.se<\/a> eller ringa 0970-77 22 90.<\/em><\/p>\t\t\t\t\t\t\t\t<\/div>\n\t\t\t\t<\/div>\n\t\t\t\t\t<\/div>\n\t\t<\/div>\n\t\t\t\t\t<\/div>\n\t\t<\/section>\n\t\t\t\t<\/div>","protected":false},"excerpt":{"rendered":"<p>Amount: 12 people<br \/>\nSeating: Group<br \/>\nSqm: 23<\/p>","protected":false},"author":8,"featured_media":790,"parent":76,"menu_order":5,"comment_status":"closed","ping_status":"closed","template":"","meta":{"_acf_changed":false,"footnotes":""},"grand_section":[],"class_list":["post-125","page","type-page","status-publish","has-post-thumbnail","hentry","kategori-konferensrum"],"acf":[],"_links":{"self":[{"href":"https:\/\/www.grandhotellapland.se\/en\/wp-json\/wp\/v2\/pages\/125","targetHints":{"allow":["GET"]}}],"collection":[{"href":"https:\/\/www.grandhotellapland.se\/en\/wp-json\/wp\/v2\/pages"}],"about":[{"href":"https:\/\/www.grandhotellapland.se\/en\/wp-json\/wp\/v2\/types\/page"}],"author":[{"embeddable":true,"href":"https:\/\/www.grandhotellapland.se\/en\/wp-json\/wp\/v2\/users\/8"}],"replies":[{"embeddable":true,"href":"https:\/\/www.grandhotellapland.se\/en\/wp-json\/wp\/v2\/comments?post=125"}],"version-history":[{"count":5,"href":"https:\/\/www.grandhotellapland.se\/en\/wp-json\/wp\/v2\/pages\/125\/revisions"}],"predecessor-version":[{"id":4846,"href":"https:\/\/www.grandhotellapland.se\/en\/wp-json\/wp\/v2\/pages\/125\/revisions\/4846"}],"up":[{"embeddable":true,"href":"https:\/\/www.grandhotellapland.se\/en\/wp-json\/wp\/v2\/pages\/76"}],"wp:featuredmedia":[{"embeddable":true,"href":"https:\/\/www.grandhotellapland.se\/en\/wp-json\/wp\/v2\/media\/790"}],"wp:attachment":[{"href":"https:\/\/www.grandhotellapland.se\/en\/wp-json\/wp\/v2\/media?parent=125"}],"wp:term":[{"taxonomy":"grand_section","embeddable":true,"href":"https:\/\/www.grandhotellapland.se\/en\/wp-json\/wp\/v2\/grand_section?post=125"}],"curies":[{"name":"wp","href":"https:\/\/api.w.org\/{rel}","templated":true}]}}