{"id":129,"date":"2017-11-02T07:14:56","date_gmt":"2017-11-02T06:14:56","guid":{"rendered":"https:\/\/www.grandhotellapland.se\/?page_id=129"},"modified":"2025-09-03T09:37:00","modified_gmt":"2025-09-03T07:37:00","slug":"eventsalen","status":"publish","type":"page","link":"https:\/\/www.grandhotellapland.se\/en\/konferens\/eventsalen\/","title":{"rendered":"Eventsalen"},"content":{"rendered":"<div data-elementor-type=\"wp-page\" data-elementor-id=\"129\" class=\"elementor elementor-129\" data-elementor-post-type=\"page\">\n\t\t\t\t\t\t<section class=\"elementor-section elementor-top-section elementor-element elementor-element-1cb63b30 elementor-section-boxed elementor-section-height-default elementor-section-height-default\" data-id=\"1cb63b30\" data-element_type=\"section\">\n\t\t\t\t\t\t<div class=\"elementor-container elementor-column-gap-default\">\n\t\t\t\t\t<div class=\"elementor-column elementor-col-100 elementor-top-column elementor-element elementor-element-4461a061\" data-id=\"4461a061\" data-element_type=\"column\">\n\t\t\t<div class=\"elementor-widget-wrap elementor-element-populated\">\n\t\t\t\t\t\t<div class=\"elementor-element elementor-element-43909f7f elementor-widget elementor-widget-text-editor\" data-id=\"43909f7f\" data-element_type=\"widget\" data-widget_type=\"text-editor.default\">\n\t\t\t\t<div class=\"elementor-widget-container\">\n\t\t\t\t\t\t\t\t\t<p>Enast\u00e5ende lokal f\u00f6r sociala events, olika storlekar p\u00e5 evenemang, m\u00e4ssor, f\u00f6rel\u00e4sningar,\u00a0 banketter, buff\u00e9er, br\u00f6llop, samt mindre middagar. Vi anordnar allt ifr\u00e5n middag, dekoration, och musik.\u00a0<\/p><p>Antal sittande middag: upp till 350 personer<br \/>Sqm: 660<\/p><p><em>Fyll i formul\u00e4ret nedan f\u00f6r att g\u00f6ra en f\u00f6rfr\u00e5gan. Vi svarar s\u00e5 snart vi kan, men f\u00e5r du inte svar inom tv\u00e5 arbetsdagar f\u00e5r du g\u00e4rna kontakta oss via e-post<a href=\"mailto:info@ghl.se\"> info@ghl.se<\/a> eller ringa 0970-77 22 90.<\/em><\/p>\t\t\t\t\t\t\t\t<\/div>\n\t\t\t\t<\/div>\n\t\t\t\t\t<\/div>\n\t\t<\/div>\n\t\t\t\t\t<\/div>\n\t\t<\/section>\n\t\t\t\t<\/div>","protected":false},"excerpt":{"rendered":"<p>Amount: Up til 350 people for dinner and banquets.<br \/>\nSqm: 660<\/p>","protected":false},"author":8,"featured_media":792,"parent":76,"menu_order":6,"comment_status":"closed","ping_status":"closed","template":"","meta":{"_acf_changed":false,"footnotes":""},"grand_section":[],"class_list":["post-129","page","type-page","status-publish","has-post-thumbnail","hentry","kategori-konferensrum"],"acf":[],"_links":{"self":[{"href":"https:\/\/www.grandhotellapland.se\/en\/wp-json\/wp\/v2\/pages\/129","targetHints":{"allow":["GET"]}}],"collection":[{"href":"https:\/\/www.grandhotellapland.se\/en\/wp-json\/wp\/v2\/pages"}],"about":[{"href":"https:\/\/www.grandhotellapland.se\/en\/wp-json\/wp\/v2\/types\/page"}],"author":[{"embeddable":true,"href":"https:\/\/www.grandhotellapland.se\/en\/wp-json\/wp\/v2\/users\/8"}],"replies":[{"embeddable":true,"href":"https:\/\/www.grandhotellapland.se\/en\/wp-json\/wp\/v2\/comments?post=129"}],"version-history":[{"count":5,"href":"https:\/\/www.grandhotellapland.se\/en\/wp-json\/wp\/v2\/pages\/129\/revisions"}],"predecessor-version":[{"id":4864,"href":"https:\/\/www.grandhotellapland.se\/en\/wp-json\/wp\/v2\/pages\/129\/revisions\/4864"}],"up":[{"embeddable":true,"href":"https:\/\/www.grandhotellapland.se\/en\/wp-json\/wp\/v2\/pages\/76"}],"wp:featuredmedia":[{"embeddable":true,"href":"https:\/\/www.grandhotellapland.se\/en\/wp-json\/wp\/v2\/media\/792"}],"wp:attachment":[{"href":"https:\/\/www.grandhotellapland.se\/en\/wp-json\/wp\/v2\/media?parent=129"}],"wp:term":[{"taxonomy":"grand_section","embeddable":true,"href":"https:\/\/www.grandhotellapland.se\/en\/wp-json\/wp\/v2\/grand_section?post=129"}],"curies":[{"name":"wp","href":"https:\/\/api.w.org\/{rel}","templated":true}]}}