{"id":140,"date":"2017-11-02T07:22:57","date_gmt":"2017-11-02T06:22:57","guid":{"rendered":"https:\/\/www.grandhotellapland.se\/?page_id=140"},"modified":"2025-01-17T08:56:36","modified_gmt":"2025-01-17T07:56:36","slug":"restaurang-och-bar-i-gallivare","status":"publish","type":"page","link":"https:\/\/www.grandhotellapland.se\/en\/restaurang-och-bar-i-gallivare\/","title":{"rendered":"Restaurant, Cafe and Sports bar"},"content":{"rendered":"<div data-elementor-type=\"wp-page\" data-elementor-id=\"140\" class=\"elementor elementor-140\" data-elementor-post-type=\"page\">\n\t\t\t\t\t\t<section class=\"elementor-section elementor-top-section elementor-element elementor-element-625aaae2 elementor-section-boxed elementor-section-height-default elementor-section-height-default\" data-id=\"625aaae2\" data-element_type=\"section\">\n\t\t\t\t\t\t<div class=\"elementor-container elementor-column-gap-wide\">\n\t\t\t\t\t<div class=\"elementor-column elementor-col-100 elementor-top-column elementor-element elementor-element-61de2c0\" data-id=\"61de2c0\" data-element_type=\"column\">\n\t\t\t<div class=\"elementor-widget-wrap elementor-element-populated\">\n\t\t\t\t\t\t<div class=\"elementor-element elementor-element-dd228d0 elementor-grid-3 elementor-grid-tablet-2 elementor-grid-mobile-1 elementor-posts--thumbnail-top elementor-card-shadow-yes elementor-posts__hover-gradient elementor-widget elementor-widget-posts\" data-id=\"dd228d0\" data-element_type=\"widget\" data-settings=\"{&quot;cards_row_gap&quot;:{&quot;unit&quot;:&quot;px&quot;,&quot;size&quot;:27,&quot;sizes&quot;:[]},&quot;cards_columns&quot;:&quot;3&quot;,&quot;cards_columns_tablet&quot;:&quot;2&quot;,&quot;cards_columns_mobile&quot;:&quot;1&quot;,&quot;cards_row_gap_tablet&quot;:{&quot;unit&quot;:&quot;px&quot;,&quot;size&quot;:&quot;&quot;,&quot;sizes&quot;:[]},&quot;cards_row_gap_mobile&quot;:{&quot;unit&quot;:&quot;px&quot;,&quot;size&quot;:&quot;&quot;,&quot;sizes&quot;:[]}}\" data-widget_type=\"posts.cards\">\n\t\t\t\t<div class=\"elementor-widget-container\">\n\t\t\t\t\t\t\t<div class=\"elementor-posts-container elementor-posts elementor-posts--skin-cards elementor-grid\">\n\t\t\t\t<article class=\"elementor-post elementor-grid-item post-267 page type-page status-publish has-post-thumbnail hentry kategori-restaurang-och-bar\">\n\t\t\t<div class=\"elementor-post__card\">\n\t\t\t\t<a class=\"elementor-post__thumbnail__link\" href=\"https:\/\/www.grandhotellapland.se\/en\/steakhouse\/\" tabindex=\"-1\" ><div class=\"elementor-post__thumbnail\"><img fetchpriority=\"high\" decoding=\"async\" width=\"300\" height=\"200\" src=\"https:\/\/www.grandhotellapland.se\/wp-content\/uploads\/2018\/10\/26109464414_0bcc8b1eba_o-300x200.jpg\" class=\"attachment-medium size-medium wp-image-642\" alt=\"\" srcset=\"https:\/\/www.grandhotellapland.se\/wp-content\/uploads\/2018\/10\/26109464414_0bcc8b1eba_o-300x200.jpg 300w, https:\/\/www.grandhotellapland.se\/wp-content\/uploads\/2018\/10\/26109464414_0bcc8b1eba_o-768x512.jpg 768w, https:\/\/www.grandhotellapland.se\/wp-content\/uploads\/2018\/10\/26109464414_0bcc8b1eba_o-1024x683.jpg 1024w\" sizes=\"(max-width: 300px) 100vw, 300px\" \/><\/div><\/a>\n\t\t\t\t<div class=\"elementor-post__text\">\n\t\t\t\t<h3 class=\"elementor-post__title\">\n\t\t\t<a href=\"https:\/\/www.grandhotellapland.se\/en\/steakhouse\/\" >\n\t\t\t\tSteakhouse\t\t\t<\/a>\n\t\t<\/h3>\n\t\t\t\t<div class=\"elementor-post__excerpt\">\n\t\t\t<p>Varmt v\u00e4lkomna in till oss!<br \/>\nPress to read more about booking, menus and events<\/p>\n\t\t<\/div>\n\t\t\n\t\t<a class=\"elementor-post__read-more\" href=\"https:\/\/www.grandhotellapland.se\/en\/steakhouse\/\" aria-label=\"Read more about Steakhouse\" tabindex=\"-1\" >\n\t\t\tL\u00e4s mer \u00bb\t\t<\/a>\n\n\t\t\t\t<\/div>\n\t\t\t\t\t<\/div>\n\t\t<\/article>\n\t\t\t\t<article class=\"elementor-post elementor-grid-item post-270 page type-page status-publish has-post-thumbnail hentry kategori-restaurang-och-bar\">\n\t\t\t<div class=\"elementor-post__card\">\n\t\t\t\t<a class=\"elementor-post__thumbnail__link\" href=\"https:\/\/www.grandhotellapland.se\/en\/restaurang-och-bar-i-gallivare-2\/\" tabindex=\"-1\" ><div class=\"elementor-post__thumbnail\"><img decoding=\"async\" width=\"300\" height=\"94\" src=\"https:\/\/www.grandhotellapland.se\/wp-content\/uploads\/2017\/11\/quality-hotel-lapland-sportbar-300x94.jpg\" class=\"attachment-medium size-medium wp-image-303\" alt=\"\" srcset=\"https:\/\/www.grandhotellapland.se\/wp-content\/uploads\/2017\/11\/quality-hotel-lapland-sportbar-300x94.jpg 300w, https:\/\/www.grandhotellapland.se\/wp-content\/uploads\/2017\/11\/quality-hotel-lapland-sportbar-768x240.jpg 768w, https:\/\/www.grandhotellapland.se\/wp-content\/uploads\/2017\/11\/quality-hotel-lapland-sportbar-1024x320.jpg 1024w, https:\/\/www.grandhotellapland.se\/wp-content\/uploads\/2017\/11\/quality-hotel-lapland-sportbar.jpg 1920w\" sizes=\"(max-width: 300px) 100vw, 300px\" \/><\/div><\/a>\n\t\t\t\t<div class=\"elementor-post__text\">\n\t\t\t\t<h3 class=\"elementor-post__title\">\n\t\t\t<a href=\"https:\/\/www.grandhotellapland.se\/en\/restaurang-och-bar-i-gallivare-2\/\" >\n\t\t\t\tSports bar\t\t\t<\/a>\n\t\t<\/h3>\n\t\t\t\t<div class=\"elementor-post__excerpt\">\n\t\t\t<p>St\u00e4ngd tillsvidare<\/p>\n\t\t<\/div>\n\t\t\n\t\t<a class=\"elementor-post__read-more\" href=\"https:\/\/www.grandhotellapland.se\/en\/restaurang-och-bar-i-gallivare-2\/\" aria-label=\"Read more about Sportbaren\" tabindex=\"-1\" >\n\t\t\tL\u00e4s mer \u00bb\t\t<\/a>\n\n\t\t\t\t<\/div>\n\t\t\t\t\t<\/div>\n\t\t<\/article>\n\t\t\t\t<article class=\"elementor-post elementor-grid-item post-272 page type-page status-publish has-post-thumbnail hentry kategori-restaurang-och-bar\">\n\t\t\t<div class=\"elementor-post__card\">\n\t\t\t\t<a class=\"elementor-post__thumbnail__link\" href=\"https:\/\/www.grandhotellapland.se\/en\/restaurang-och-bar-i-gallivare\/cafe\/\" tabindex=\"-1\" ><div class=\"elementor-post__thumbnail\"><img decoding=\"async\" width=\"300\" height=\"195\" src=\"https:\/\/www.grandhotellapland.se\/wp-content\/uploads\/2019\/10\/shutterstock_1192495123-300x195.jpg\" class=\"attachment-medium size-medium wp-image-725\" alt=\"\" srcset=\"https:\/\/www.grandhotellapland.se\/wp-content\/uploads\/2019\/10\/shutterstock_1192495123-300x195.jpg 300w, https:\/\/www.grandhotellapland.se\/wp-content\/uploads\/2019\/10\/shutterstock_1192495123-768x499.jpg 768w, https:\/\/www.grandhotellapland.se\/wp-content\/uploads\/2019\/10\/shutterstock_1192495123-1024x665.jpg 1024w, https:\/\/www.grandhotellapland.se\/wp-content\/uploads\/2019\/10\/shutterstock_1192495123-e1571948033358.jpg 2000w\" sizes=\"(max-width: 300px) 100vw, 300px\" \/><\/div><\/a>\n\t\t\t\t<div class=\"elementor-post__text\">\n\t\t\t\t<h3 class=\"elementor-post__title\">\n\t\t\t<a href=\"https:\/\/www.grandhotellapland.se\/en\/restaurang-och-bar-i-gallivare\/cafe\/\" >\n\t\t\t\tCaf\u00e9\t\t\t<\/a>\n\t\t<\/h3>\n\t\t\t\t<div class=\"elementor-post__excerpt\">\n\t\t\t<p>Vi har \u00f6ppet alla dagar i veckan fr\u00e5n tidig morgon till sen kv\u00e4ll.<br \/>\nThere is possibility to have take away from our assortment.<\/p>\n\t\t<\/div>\n\t\t\n\t\t<a class=\"elementor-post__read-more\" href=\"https:\/\/www.grandhotellapland.se\/en\/restaurang-och-bar-i-gallivare\/cafe\/\" aria-label=\"Read more about Caf\u00e9\" tabindex=\"-1\" >\n\t\t\tL\u00e4s mer \u00bb\t\t<\/a>\n\n\t\t\t\t<\/div>\n\t\t\t\t\t<\/div>\n\t\t<\/article>\n\t\t\t\t<\/div>\n\t\t\n\t\t\t\t\t\t<\/div>\n\t\t\t\t<\/div>\n\t\t\t\t\t<\/div>\n\t\t<\/div>\n\t\t\t\t\t<\/div>\n\t\t<\/section>\n\t\t\t\t<\/div>","protected":false},"excerpt":{"rendered":"<p>P\u00e5 Grand Hotel Lapland hittar du b\u00e5de Steakhouse, Sportbaren och v\u00e5rt caf\u00e9 som \u00e4r fantastiska platser f\u00f6r mat och dryck i G\u00e4llivare.<\/p>","protected":false},"author":8,"featured_media":991,"parent":0,"menu_order":200,"comment_status":"closed","ping_status":"closed","template":"","meta":{"_acf_changed":false,"footnotes":""},"grand_section":[54],"class_list":["post-140","page","type-page","status-publish","has-post-thumbnail","hentry","kategori-sektion","grand_section-framsida"],"acf":[],"_links":{"self":[{"href":"https:\/\/www.grandhotellapland.se\/en\/wp-json\/wp\/v2\/pages\/140","targetHints":{"allow":["GET"]}}],"collection":[{"href":"https:\/\/www.grandhotellapland.se\/en\/wp-json\/wp\/v2\/pages"}],"about":[{"href":"https:\/\/www.grandhotellapland.se\/en\/wp-json\/wp\/v2\/types\/page"}],"author":[{"embeddable":true,"href":"https:\/\/www.grandhotellapland.se\/en\/wp-json\/wp\/v2\/users\/8"}],"replies":[{"embeddable":true,"href":"https:\/\/www.grandhotellapland.se\/en\/wp-json\/wp\/v2\/comments?post=140"}],"version-history":[{"count":5,"href":"https:\/\/www.grandhotellapland.se\/en\/wp-json\/wp\/v2\/pages\/140\/revisions"}],"predecessor-version":[{"id":4466,"href":"https:\/\/www.grandhotellapland.se\/en\/wp-json\/wp\/v2\/pages\/140\/revisions\/4466"}],"wp:featuredmedia":[{"embeddable":true,"href":"https:\/\/www.grandhotellapland.se\/en\/wp-json\/wp\/v2\/media\/991"}],"wp:attachment":[{"href":"https:\/\/www.grandhotellapland.se\/en\/wp-json\/wp\/v2\/media?parent=140"}],"wp:term":[{"taxonomy":"grand_section","embeddable":true,"href":"https:\/\/www.grandhotellapland.se\/en\/wp-json\/wp\/v2\/grand_section?post=140"}],"curies":[{"name":"wp","href":"https:\/\/api.w.org\/{rel}","templated":true}]}}