{"id":1563,"date":"2020-01-20T21:42:47","date_gmt":"2020-01-20T20:42:47","guid":{"rendered":"https:\/\/www.grandhotellapland.se\/?page_id=1563"},"modified":"2024-11-13T16:57:09","modified_gmt":"2024-11-13T15:57:09","slug":"integritetspolicy","status":"publish","type":"page","link":"https:\/\/www.grandhotellapland.se\/en\/integritetspolicy\/","title":{"rendered":"Privacy Policy"},"content":{"rendered":"<div data-elementor-type=\"wp-page\" data-elementor-id=\"1563\" class=\"elementor elementor-1563\" data-elementor-post-type=\"page\">\n\t\t\t\t\t\t<section class=\"elementor-section elementor-top-section elementor-element elementor-element-5fcaa38e elementor-section-boxed elementor-section-height-default elementor-section-height-default\" data-id=\"5fcaa38e\" data-element_type=\"section\">\n\t\t\t\t\t\t<div class=\"elementor-container elementor-column-gap-default\">\n\t\t\t\t\t<div class=\"elementor-column elementor-col-100 elementor-top-column elementor-element elementor-element-5b2a6e40\" data-id=\"5b2a6e40\" data-element_type=\"column\">\n\t\t\t<div class=\"elementor-widget-wrap elementor-element-populated\">\n\t\t\t\t\t\t<div class=\"elementor-element elementor-element-1ab60b80 elementor-widget elementor-widget-text-editor\" data-id=\"1ab60b80\" data-element_type=\"widget\" data-widget_type=\"text-editor.default\">\n\t\t\t\t<div class=\"elementor-widget-container\">\n\t\t\t\t\t\t\t\t\t\n<p>Grand Hotel Lapland takes care to protect personal data and always follows the applicable privacy policy, such as the GDPR and the Personal Data Act.<\/p>\n\n\n\n<p>1. General<br>Our website is operated by Paasanne AB, 556545-0151 and we reserve the right to add, change, renew or improve the information on the website.<\/p>\n\n\n\n<p>2. Rights<br>All content on the website is copyrighted. Information and images published on the website belong to Grand Hotel Lapland, except where otherwise stated. It is permitted to use images and text for non-commercial private use, if it is clearly stated that Grand Hotel Lapland is the copyright owner.<\/p>\n\n\n\n<p>3. Links and hyperlinks<br>Links and hyperlinks to third parties from Grand Hotel Lapland's web pages are permitted. Grand Hotel Lapland assumes no responsibility for the content, information or other material on third-party websites, and third parties themselves are responsible for informing themselves of the terms and conditions of these websites.<\/p>\n\n\n\n<p>4. Limitation of Liability<br>Grand Hotel Lapland does not guarantee the website's functionality, availability or that the content on the website is correct.<\/p>\n\n\n\n<p>5. Personal data and security<br>Grand Hotel Lapland takes privacy very seriously. We do not collect personal data that is not relevant and necessary to be able to deliver our services to you as a customer.<br>When you book through our web <a href=\"\/en\/www.grandhotellapland.se\/\">www.grandhotellapland.se<\/a> we save, among other things, name, address and e-mail. This is to be able to process your reservation.<br>We do not use your data to send you market information or offers, unless you have given your consent to this.<br>Grand Hotel Lapland does not sell personal data to third parties.<br>Grand Hotel Lapland does not store credit card numbers or other sensitive payment information.<br>The payment solutions on the Grand Hotel Lapland website are delivered by a PCI DSS certified third party that encrypts all data.<\/p>\n\n\n\n<p>6. How long do we store your personal data?<br>Personal data is not stored longer than is necessary to fulfill what is necessary for your stay\/arrangement\/booking or other agreement with Grand Hotel Lapland or the statutory obligations we have. For example, the Accounting Act requires that detailed purchase history be saved for five years.<br>We delete the personal data about you, if you ask us to do so, unless we have a legal basis or are obliged by law to save the data.<br>To delete or get an overview of which data we have saved about you, contact us at <a href=\"mailto:info@ghl.se\">info@ghl.se<\/a><\/p>\n\t\t\t\t\t\t\t\t<\/div>\n\t\t\t\t<\/div>\n\t\t\t\t\t<\/div>\n\t\t<\/div>\n\t\t\t\t\t<\/div>\n\t\t<\/section>\n\t\t\t\t<\/div>","protected":false},"excerpt":{"rendered":"<p>Grand Hotel Lapland v\u00e4rnar om att skydda personuppgifter och f\u00f6ljer alltid g\u00e4llande integritetspolicy, s\u00e5som GDPR och personuppgiftslagen. 1. GenerelltV\u00e5r webbplats drivs av Paasanne AB, 556545-0151 och vi f\u00f6rbeh\u00e5ller oss r\u00e4tten att l\u00e4gga till, \u00e4ndra, f\u00f6rnya eller f\u00f6rb\u00e4ttra informationen p\u00e5 webbplatsen. 2. R\u00e4ttigheterAllt inneh\u00e5ll p\u00e5 webbplatsen \u00e4r upphovsr\u00e4ttsskyddad. Information och bilder som publiceras p\u00e5 webbplatsen tillh\u00f6r [&hellip;]<\/p>\n","protected":false},"author":1,"featured_media":0,"parent":0,"menu_order":0,"comment_status":"closed","ping_status":"closed","template":"","meta":{"_acf_changed":false,"footnotes":""},"grand_section":[],"class_list":["post-1563","page","type-page","status-publish","hentry"],"acf":[],"_links":{"self":[{"href":"https:\/\/www.grandhotellapland.se\/en\/wp-json\/wp\/v2\/pages\/1563","targetHints":{"allow":["GET"]}}],"collection":[{"href":"https:\/\/www.grandhotellapland.se\/en\/wp-json\/wp\/v2\/pages"}],"about":[{"href":"https:\/\/www.grandhotellapland.se\/en\/wp-json\/wp\/v2\/types\/page"}],"author":[{"embeddable":true,"href":"https:\/\/www.grandhotellapland.se\/en\/wp-json\/wp\/v2\/users\/1"}],"replies":[{"embeddable":true,"href":"https:\/\/www.grandhotellapland.se\/en\/wp-json\/wp\/v2\/comments?post=1563"}],"version-history":[{"count":2,"href":"https:\/\/www.grandhotellapland.se\/en\/wp-json\/wp\/v2\/pages\/1563\/revisions"}],"predecessor-version":[{"id":1565,"href":"https:\/\/www.grandhotellapland.se\/en\/wp-json\/wp\/v2\/pages\/1563\/revisions\/1565"}],"wp:attachment":[{"href":"https:\/\/www.grandhotellapland.se\/en\/wp-json\/wp\/v2\/media?parent=1563"}],"wp:term":[{"taxonomy":"grand_section","embeddable":true,"href":"https:\/\/www.grandhotellapland.se\/en\/wp-json\/wp\/v2\/grand_section?post=1563"}],"curies":[{"name":"wp","href":"https:\/\/api.w.org\/{rel}","templated":true}]}}