{"id":20,"date":"2017-11-02T05:21:17","date_gmt":"2017-11-02T04:21:17","guid":{"rendered":"https:\/\/www.grandhotellapland.se\/?page_id=20"},"modified":"2026-02-16T08:56:42","modified_gmt":"2026-02-16T07:56:42","slug":"superior-dubbelrum","status":"publish","type":"page","link":"https:\/\/www.grandhotellapland.se\/en\/hotell\/superior-dubbelrum\/","title":{"rendered":"Superior Double Room"},"content":{"rendered":"<div data-elementor-type=\"wp-page\" data-elementor-id=\"20\" class=\"elementor elementor-20\" data-elementor-post-type=\"page\">\n\t\t\t\t\t\t<section class=\"elementor-section elementor-top-section elementor-element elementor-element-6e9a416f elementor-section-boxed elementor-section-height-default elementor-section-height-default\" data-id=\"6e9a416f\" data-element_type=\"section\">\n\t\t\t\t\t\t<div class=\"elementor-container elementor-column-gap-default\">\n\t\t\t\t\t<div class=\"elementor-column elementor-col-100 elementor-top-column elementor-element elementor-element-1a062664\" data-id=\"1a062664\" data-element_type=\"column\">\n\t\t\t<div class=\"elementor-widget-wrap elementor-element-populated\">\n\t\t\t\t\t\t<div class=\"elementor-element elementor-element-2bd7d55c elementor-widget elementor-widget-text-editor\" data-id=\"2bd7d55c\" data-element_type=\"widget\" data-widget_type=\"text-editor.default\">\n\t\t\t\t<div class=\"elementor-widget-container\">\n\t\t\t\t\t\t\t\t\t<p>V\u00e5ra Superior dubbelrum \u00e4r 26 kvadratmeter stora med tv\u00e5 90 cm breda s\u00e4ngar eller en\u00a0 dubbels\u00e4ng. Rummen \u00e4r m\u00f6blerade med tv, skrivbord, stol, spegel samt f\u00e5t\u00f6lj. Badrum med wc, dusch och h\u00e5rf\u00f6n.<\/p><ul><li>Superior room<\/li><li>Breakfast included<\/li><li>Free Wi-Fi<\/li><\/ul>\t\t\t\t\t\t\t\t<\/div>\n\t\t\t\t<\/div>\n\t\t\t\t<div class=\"elementor-element elementor-element-8dfe4b0 elementor-widget elementor-widget-shortcode\" data-id=\"8dfe4b0\" data-element_type=\"widget\" data-widget_type=\"shortcode.default\">\n\t\t\t\t<div class=\"elementor-widget-container\">\n\t\t\t\t\t\t\t<div class=\"elementor-shortcode\"><script charset=\"UTF-8\" type=\"text\/javascript\" src=\"https:\/\/online.bookvisit.com\/Content\/flexwidget\/FlexWidgetFullScripts.min.js\"><\/script>\n\t<script charset=\"UTF-8\" type=\"text\/javascript\">\n\t(function($) {\n\t\t$.ajax({\n\t\tdataType: \"json\",\n\t\turl: \"https:\/\/online.bookvisit.com\/v2\/widget\/getwidget?channelId=a49e9cfa-9657-43c6-9e4a-b9b80823199a&culture=sv-SE&containerId=widgetContainer&layout=Standard2Columns&openOption=Iframe&displayPromoCode=False&displayCorpCode=False&displayIATACode=False&guestRoomId=67ad8868-542e-4138-8fd8-ef19e638e390&jsoncallback=?\",\n\t\txhrFields: { withCredentials: true },\n\t\tsuccess: function(json) {\n\t\t\t$(\"#widgetContainer\").html(json.Widget);\n\t\t}\n\t\t});\n\t})(bvJQuery);\n<\/script>\n<div id=\"widgetContainer\"><\/div>\n<\/div>\n\t\t\t\t\t\t<\/div>\n\t\t\t\t<\/div>\n\t\t\t\t\t<\/div>\n\t\t<\/div>\n\t\t\t\t\t<\/div>\n\t\t<\/section>\n\t\t\t\t<\/div>","protected":false},"excerpt":{"rendered":"<p>Superior Double Room<br \/>\nBreakfast included<br \/>\nFree Wi-Fi<\/p>","protected":false},"author":8,"featured_media":615,"parent":10,"menu_order":60,"comment_status":"closed","ping_status":"closed","template":"","meta":{"_acf_changed":false,"footnotes":""},"grand_section":[],"class_list":["post-20","page","type-page","status-publish","has-post-thumbnail","hentry","kategori-hotellrum"],"acf":[],"_links":{"self":[{"href":"https:\/\/www.grandhotellapland.se\/en\/wp-json\/wp\/v2\/pages\/20","targetHints":{"allow":["GET"]}}],"collection":[{"href":"https:\/\/www.grandhotellapland.se\/en\/wp-json\/wp\/v2\/pages"}],"about":[{"href":"https:\/\/www.grandhotellapland.se\/en\/wp-json\/wp\/v2\/types\/page"}],"author":[{"embeddable":true,"href":"https:\/\/www.grandhotellapland.se\/en\/wp-json\/wp\/v2\/users\/8"}],"replies":[{"embeddable":true,"href":"https:\/\/www.grandhotellapland.se\/en\/wp-json\/wp\/v2\/comments?post=20"}],"version-history":[{"count":5,"href":"https:\/\/www.grandhotellapland.se\/en\/wp-json\/wp\/v2\/pages\/20\/revisions"}],"predecessor-version":[{"id":5143,"href":"https:\/\/www.grandhotellapland.se\/en\/wp-json\/wp\/v2\/pages\/20\/revisions\/5143"}],"up":[{"embeddable":true,"href":"https:\/\/www.grandhotellapland.se\/en\/wp-json\/wp\/v2\/pages\/10"}],"wp:featuredmedia":[{"embeddable":true,"href":"https:\/\/www.grandhotellapland.se\/en\/wp-json\/wp\/v2\/media\/615"}],"wp:attachment":[{"href":"https:\/\/www.grandhotellapland.se\/en\/wp-json\/wp\/v2\/media?parent=20"}],"wp:term":[{"taxonomy":"grand_section","embeddable":true,"href":"https:\/\/www.grandhotellapland.se\/en\/wp-json\/wp\/v2\/grand_section?post=20"}],"curies":[{"name":"wp","href":"https:\/\/api.w.org\/{rel}","templated":true}]}}