{"id":22,"date":"2017-11-02T05:22:06","date_gmt":"2017-11-02T04:22:06","guid":{"rendered":"https:\/\/www.grandhotellapland.se\/?page_id=22"},"modified":"2026-02-16T09:05:14","modified_gmt":"2026-02-16T08:05:14","slug":"deluxe-dubbelrum","status":"publish","type":"page","link":"https:\/\/www.grandhotellapland.se\/en\/hotell\/deluxe-dubbelrum\/","title":{"rendered":"Dubbelrum\/tv\u00e5b\u00e4ddsrum"},"content":{"rendered":"<div data-elementor-type=\"wp-page\" data-elementor-id=\"22\" class=\"elementor elementor-22\" data-elementor-post-type=\"page\">\n\t\t\t\t\t\t<section class=\"elementor-section elementor-top-section elementor-element elementor-element-1106202a elementor-section-boxed elementor-section-height-default elementor-section-height-default\" data-id=\"1106202a\" data-element_type=\"section\">\n\t\t\t\t\t\t<div class=\"elementor-container elementor-column-gap-default\">\n\t\t\t\t\t<div class=\"elementor-column elementor-col-100 elementor-top-column elementor-element elementor-element-a854939\" data-id=\"a854939\" data-element_type=\"column\">\n\t\t\t<div class=\"elementor-widget-wrap elementor-element-populated\">\n\t\t\t\t\t\t<div class=\"elementor-element elementor-element-78734cde elementor-widget elementor-widget-text-editor\" data-id=\"78734cde\" data-element_type=\"widget\" data-widget_type=\"text-editor.default\">\n\t\t\t\t<div class=\"elementor-widget-container\">\n\t\t\t\t\t\t\t\t\t<p>V\u00e5ra dubbelrum \u00e4r\u00a0 nyrenoverade, moderna och\u00a0 personliga. Alla rum ser inte exakt likadana ut och \u00e4r inredda antingen med en bredare dubbels\u00e4ng, eller tv\u00e5 enkels\u00e4ngar som kan st\u00e5 tillsammans eller flyttas is\u00e4r. Alla rum har TV, spegel, f\u00e5t\u00f6lj, eget badrum och h\u00e5rtork. De flesta har ocks\u00e5 skrivbord och m\u00f6jlighet till extras\u00e4ng.<\/p><ul><li>Dubbelum\/tv\u00e5b\u00e4ddsrum<\/li><li>Extrab\u00e4dd \u00e4r m\u00f6jligt<\/li><li>Breakfast included<\/li><li>Free Wi-Fi<\/li><\/ul>\t\t\t\t\t\t\t\t<\/div>\n\t\t\t\t<\/div>\n\t\t\t\t<div class=\"elementor-element elementor-element-4810615 elementor-widget elementor-widget-shortcode\" data-id=\"4810615\" data-element_type=\"widget\" data-widget_type=\"shortcode.default\">\n\t\t\t\t<div class=\"elementor-widget-container\">\n\t\t\t\t\t\t\t<div class=\"elementor-shortcode\"><script charset=\"UTF-8\" type=\"text\/javascript\" src=\"https:\/\/online.bookvisit.com\/Content\/flexwidget\/FlexWidgetFullScripts.min.js\"><\/script>\n\t<script charset=\"UTF-8\" type=\"text\/javascript\">\n\t(function($) {\n\t\t$.ajax({\n\t\tdataType: \"json\",\n\t\turl: \"https:\/\/online.bookvisit.com\/v2\/widget\/getwidget?channelId=a49e9cfa-9657-43c6-9e4a-b9b80823199a&culture=sv-SE&containerId=widgetContainer&layout=Standard2Columns&openOption=Iframe&displayPromoCode=False&displayCorpCode=False&displayIATACode=False&guestRoomId=f39ff8b7-78b7-4775-a483-a964ba48064c&jsoncallback=?\",\n\t\txhrFields: { withCredentials: true },\n\t\tsuccess: function(json) {\n\t\t\t$(\"#widgetContainer\").html(json.Widget);\n\t\t}\n\t\t});\n\t})(bvJQuery);\n<\/script>\n<div id=\"widgetContainer\"><\/div>\n<\/div>\n\t\t\t\t\t\t<\/div>\n\t\t\t\t<\/div>\n\t\t\t\t\t<\/div>\n\t\t<\/div>\n\t\t\t\t\t<\/div>\n\t\t<\/section>\n\t\t\t\t<section class=\"elementor-section elementor-top-section elementor-element elementor-element-2aa6ae9 elementor-section-boxed elementor-section-height-default elementor-section-height-default\" data-id=\"2aa6ae9\" data-element_type=\"section\">\n\t\t\t\t\t\t<div class=\"elementor-container elementor-column-gap-default\">\n\t\t\t\t\t<div class=\"elementor-column elementor-col-100 elementor-top-column elementor-element elementor-element-af3e8bb\" data-id=\"af3e8bb\" data-element_type=\"column\">\n\t\t\t<div class=\"elementor-widget-wrap elementor-element-populated\">\n\t\t\t\t\t\t<div class=\"elementor-element elementor-element-010f4ee elementor-widget elementor-widget-image\" data-id=\"010f4ee\" data-element_type=\"widget\" data-widget_type=\"image.default\">\n\t\t\t\t<div class=\"elementor-widget-container\">\n\t\t\t\t\t\t\t\t\t\t\t\t\t\t\t<img fetchpriority=\"high\" decoding=\"async\" width=\"768\" height=\"1024\" src=\"https:\/\/www.grandhotellapland.se\/wp-content\/uploads\/2025\/05\/20241022_110642-768x1024.jpg\" class=\"attachment-large size-large wp-image-4696\" alt=\"\" srcset=\"https:\/\/www.grandhotellapland.se\/wp-content\/uploads\/2025\/05\/20241022_110642-768x1024.jpg 768w, https:\/\/www.grandhotellapland.se\/wp-content\/uploads\/2025\/05\/20241022_110642-225x300.jpg 225w, https:\/\/www.grandhotellapland.se\/wp-content\/uploads\/2025\/05\/20241022_110642-1152x1536.jpg 1152w, https:\/\/www.grandhotellapland.se\/wp-content\/uploads\/2025\/05\/20241022_110642-1536x2048.jpg 1536w, https:\/\/www.grandhotellapland.se\/wp-content\/uploads\/2025\/05\/20241022_110642-9x12.jpg 9w, https:\/\/www.grandhotellapland.se\/wp-content\/uploads\/2025\/05\/20241022_110642-scaled.jpg 1920w\" sizes=\"(max-width: 768px) 100vw, 768px\" \/>\t\t\t\t\t\t\t\t\t\t\t\t\t\t\t<\/div>\n\t\t\t\t<\/div>\n\t\t\t\t\t<\/div>\n\t\t<\/div>\n\t\t\t\t\t<\/div>\n\t\t<\/section>\n\t\t\t\t<\/div>","protected":false},"excerpt":{"rendered":"<p>Dubbelrum\/tv\u00e5b\u00e4ddsrum<br \/>\nBreakfast included<br \/>\nFree Wi-Fi<\/p>","protected":false},"author":8,"featured_media":614,"parent":10,"menu_order":50,"comment_status":"closed","ping_status":"closed","template":"","meta":{"_acf_changed":false,"footnotes":""},"grand_section":[],"class_list":["post-22","page","type-page","status-publish","has-post-thumbnail","hentry","kategori-hotellrum"],"acf":[],"_links":{"self":[{"href":"https:\/\/www.grandhotellapland.se\/en\/wp-json\/wp\/v2\/pages\/22","targetHints":{"allow":["GET"]}}],"collection":[{"href":"https:\/\/www.grandhotellapland.se\/en\/wp-json\/wp\/v2\/pages"}],"about":[{"href":"https:\/\/www.grandhotellapland.se\/en\/wp-json\/wp\/v2\/types\/page"}],"author":[{"embeddable":true,"href":"https:\/\/www.grandhotellapland.se\/en\/wp-json\/wp\/v2\/users\/8"}],"replies":[{"embeddable":true,"href":"https:\/\/www.grandhotellapland.se\/en\/wp-json\/wp\/v2\/comments?post=22"}],"version-history":[{"count":22,"href":"https:\/\/www.grandhotellapland.se\/en\/wp-json\/wp\/v2\/pages\/22\/revisions"}],"predecessor-version":[{"id":5156,"href":"https:\/\/www.grandhotellapland.se\/en\/wp-json\/wp\/v2\/pages\/22\/revisions\/5156"}],"up":[{"embeddable":true,"href":"https:\/\/www.grandhotellapland.se\/en\/wp-json\/wp\/v2\/pages\/10"}],"wp:featuredmedia":[{"embeddable":true,"href":"https:\/\/www.grandhotellapland.se\/en\/wp-json\/wp\/v2\/media\/614"}],"wp:attachment":[{"href":"https:\/\/www.grandhotellapland.se\/en\/wp-json\/wp\/v2\/media?parent=22"}],"wp:term":[{"taxonomy":"grand_section","embeddable":true,"href":"https:\/\/www.grandhotellapland.se\/en\/wp-json\/wp\/v2\/grand_section?post=22"}],"curies":[{"name":"wp","href":"https:\/\/api.w.org\/{rel}","templated":true}]}}