{"id":27,"date":"2017-11-02T05:24:02","date_gmt":"2017-11-02T04:24:02","guid":{"rendered":"https:\/\/www.grandhotellapland.se\/?page_id=27"},"modified":"2025-11-17T12:05:57","modified_gmt":"2025-11-17T11:05:57","slug":"svit","status":"publish","type":"page","link":"https:\/\/www.grandhotellapland.se\/en\/hotell\/svit\/","title":{"rendered":"Suite"},"content":{"rendered":"<div data-elementor-type=\"wp-page\" data-elementor-id=\"27\" class=\"elementor elementor-27\" data-elementor-post-type=\"page\">\n\t\t\t\t\t\t<section class=\"elementor-section elementor-top-section elementor-element elementor-element-55ace357 elementor-section-boxed elementor-section-height-default elementor-section-height-default\" data-id=\"55ace357\" data-element_type=\"section\">\n\t\t\t\t\t\t<div class=\"elementor-container elementor-column-gap-default\">\n\t\t\t\t\t<div class=\"elementor-column elementor-col-100 elementor-top-column elementor-element elementor-element-760879b0\" data-id=\"760879b0\" data-element_type=\"column\">\n\t\t\t<div class=\"elementor-widget-wrap elementor-element-populated\">\n\t\t\t\t\t\t<div class=\"elementor-element elementor-element-2e57204d elementor-widget elementor-widget-text-editor\" data-id=\"2e57204d\" data-element_type=\"widget\" data-widget_type=\"text-editor.default\">\n\t\t\t\t<div class=\"elementor-widget-container\">\n\t\t\t\t\t\t\t\t\t<p>V\u00e5r stora , fina sviter har tv\u00e5 140 cm s\u00e4ngar d\u00e4r ni sover riktigt gott! Sviten \u00e4r utrustad med morgonrockar och tofflor f\u00f6r bekv\u00e4mlighet. Sviten \u00e4r m\u00f6blerad med v\u00e4ndbar tv, skrivbord, stol, spegel samt f\u00e5t\u00f6ljer. Badrum med wc, dusch och h\u00e5rf\u00f6n.<\/p><p>\u00a0<\/p><ul><li>Breakfast included<\/li><li>Free Wi-Fi<\/li><li>plats f\u00f6r max 4 personer<\/li><\/ul>\t\t\t\t\t\t\t\t<\/div>\n\t\t\t\t<\/div>\n\t\t\t\t\t<\/div>\n\t\t<\/div>\n\t\t\t\t\t<\/div>\n\t\t<\/section>\n\t\t\t\t<\/div>","protected":false},"excerpt":{"rendered":"<p>Breakfast included<br \/>\nFree Wi-Fi<br \/>\n2800 SEK per night (up to 4 people)<\/p>","protected":false},"author":8,"featured_media":612,"parent":10,"menu_order":90,"comment_status":"closed","ping_status":"closed","template":"","meta":{"_acf_changed":false,"footnotes":""},"grand_section":[],"class_list":["post-27","page","type-page","status-publish","has-post-thumbnail","hentry","kategori-hotellrum"],"acf":[],"_links":{"self":[{"href":"https:\/\/www.grandhotellapland.se\/en\/wp-json\/wp\/v2\/pages\/27","targetHints":{"allow":["GET"]}}],"collection":[{"href":"https:\/\/www.grandhotellapland.se\/en\/wp-json\/wp\/v2\/pages"}],"about":[{"href":"https:\/\/www.grandhotellapland.se\/en\/wp-json\/wp\/v2\/types\/page"}],"author":[{"embeddable":true,"href":"https:\/\/www.grandhotellapland.se\/en\/wp-json\/wp\/v2\/users\/8"}],"replies":[{"embeddable":true,"href":"https:\/\/www.grandhotellapland.se\/en\/wp-json\/wp\/v2\/comments?post=27"}],"version-history":[{"count":5,"href":"https:\/\/www.grandhotellapland.se\/en\/wp-json\/wp\/v2\/pages\/27\/revisions"}],"predecessor-version":[{"id":4969,"href":"https:\/\/www.grandhotellapland.se\/en\/wp-json\/wp\/v2\/pages\/27\/revisions\/4969"}],"up":[{"embeddable":true,"href":"https:\/\/www.grandhotellapland.se\/en\/wp-json\/wp\/v2\/pages\/10"}],"wp:featuredmedia":[{"embeddable":true,"href":"https:\/\/www.grandhotellapland.se\/en\/wp-json\/wp\/v2\/media\/612"}],"wp:attachment":[{"href":"https:\/\/www.grandhotellapland.se\/en\/wp-json\/wp\/v2\/media?parent=27"}],"wp:term":[{"taxonomy":"grand_section","embeddable":true,"href":"https:\/\/www.grandhotellapland.se\/en\/wp-json\/wp\/v2\/grand_section?post=27"}],"curies":[{"name":"wp","href":"https:\/\/api.w.org\/{rel}","templated":true}]}}