{"id":272,"date":"2017-11-03T01:36:39","date_gmt":"2017-11-03T00:36:39","guid":{"rendered":"https:\/\/www.grandhotellapland.se\/?page_id=272"},"modified":"2025-05-20T16:52:05","modified_gmt":"2025-05-20T14:52:05","slug":"cafe","status":"publish","type":"page","link":"https:\/\/www.grandhotellapland.se\/en\/restaurang-och-bar-i-gallivare\/cafe\/","title":{"rendered":"Caf\u00e9"},"content":{"rendered":"<div data-elementor-type=\"wp-page\" data-elementor-id=\"272\" class=\"elementor elementor-272\" data-elementor-post-type=\"page\">\n\t\t\t\t\t\t<section class=\"elementor-section elementor-top-section elementor-element elementor-element-adc3e1c elementor-section-boxed elementor-section-height-default elementor-section-height-default\" data-id=\"adc3e1c\" data-element_type=\"section\">\n\t\t\t\t\t\t<div class=\"elementor-container elementor-column-gap-default\">\n\t\t\t\t\t<div class=\"elementor-column elementor-col-100 elementor-top-column elementor-element elementor-element-ddf2570\" data-id=\"ddf2570\" data-element_type=\"column\">\n\t\t\t<div class=\"elementor-widget-wrap elementor-element-populated\">\n\t\t\t\t\t\t<div class=\"elementor-element elementor-element-5b28005 elementor-widget elementor-widget-text-editor\" data-id=\"5b28005\" data-element_type=\"widget\" data-widget_type=\"text-editor.default\">\n\t\t\t\t<div class=\"elementor-widget-container\">\n\t\t\t\t\t\t\t\t\t<p style=\"text-align: left;\"><strong>V\u00e4lkomna in till v\u00e5rt caf\u00e9!<\/strong><\/p><p style=\"text-align: left;\">Caf\u00e9et \u00e4r \u00f6ppet fr\u00e5n tidig morgon till sena natten.<\/p><p style=\"text-align: left;\">F\u00f6rutom v\u00e5r omtalade &#8221;Grands r\u00e4kmacka&#8221; finns gott fikabr\u00f6d, sallader, matiga pajer, varma &amp; kalla sm\u00f6rg\u00e5sar, varm och kall dryck. Njut av din lunch, fika eller kv\u00e4llsmacka h\u00e4r i v\u00e5r mysiga lobby, eller ta med dej en take away. Caf\u00e9et har fullst\u00e4ndiga r\u00e4ttigheter och serverar b\u00e5de \u00f6l, vin, cider samt varma och kalla drinkar.<\/p><p>Vill du ta med dig din fyrbenta v\u00e4n? De \u00e4r v\u00e4lkomna i v\u00e5rt caf\u00e9, men vi h\u00e4nvisar er till sittplatserna intill receptionen eller p\u00e5 uteserveringen n\u00e4r den \u00e4r \u00f6ppen. De \u00e4r dock inte v\u00e4lkomna att sitta i soffor eller p\u00e5 stolarna med h\u00e4nsyn till dem som \u00e4r allergiska.<\/p><p style=\"text-align: left;\">Varmt v\u00e4lkommen in!<\/p>\t\t\t\t\t\t\t\t<\/div>\n\t\t\t\t<\/div>\n\t\t\t\t\t<\/div>\n\t\t<\/div>\n\t\t\t\t\t<\/div>\n\t\t<\/section>\n\t\t\t\t<section class=\"elementor-section elementor-top-section elementor-element elementor-element-105bfbf elementor-section-boxed elementor-section-height-default elementor-section-height-default\" data-id=\"105bfbf\" data-element_type=\"section\">\n\t\t\t\t\t\t<div class=\"elementor-container elementor-column-gap-default\">\n\t\t\t\t\t<div class=\"elementor-column elementor-col-100 elementor-top-column elementor-element elementor-element-dd0bf4b\" data-id=\"dd0bf4b\" data-element_type=\"column\">\n\t\t\t<div class=\"elementor-widget-wrap elementor-element-populated\">\n\t\t\t\t\t\t\t<\/div>\n\t\t<\/div>\n\t\t\t\t\t<\/div>\n\t\t<\/section>\n\t\t\t\t<\/div>","protected":false},"excerpt":{"rendered":"<p>Vi har \u00f6ppet alla dagar i veckan fr\u00e5n tidig morgon till sen kv\u00e4ll.<br \/>\nThere is possibility to have take away from our assortment.<\/p>","protected":false},"author":8,"featured_media":725,"parent":140,"menu_order":30,"comment_status":"closed","ping_status":"closed","template":"","meta":{"_acf_changed":false,"footnotes":""},"grand_section":[],"class_list":["post-272","page","type-page","status-publish","has-post-thumbnail","hentry","kategori-restaurang-och-bar"],"acf":[],"_links":{"self":[{"href":"https:\/\/www.grandhotellapland.se\/en\/wp-json\/wp\/v2\/pages\/272","targetHints":{"allow":["GET"]}}],"collection":[{"href":"https:\/\/www.grandhotellapland.se\/en\/wp-json\/wp\/v2\/pages"}],"about":[{"href":"https:\/\/www.grandhotellapland.se\/en\/wp-json\/wp\/v2\/types\/page"}],"author":[{"embeddable":true,"href":"https:\/\/www.grandhotellapland.se\/en\/wp-json\/wp\/v2\/users\/8"}],"replies":[{"embeddable":true,"href":"https:\/\/www.grandhotellapland.se\/en\/wp-json\/wp\/v2\/comments?post=272"}],"version-history":[{"count":5,"href":"https:\/\/www.grandhotellapland.se\/en\/wp-json\/wp\/v2\/pages\/272\/revisions"}],"predecessor-version":[{"id":4732,"href":"https:\/\/www.grandhotellapland.se\/en\/wp-json\/wp\/v2\/pages\/272\/revisions\/4732"}],"up":[{"embeddable":true,"href":"https:\/\/www.grandhotellapland.se\/en\/wp-json\/wp\/v2\/pages\/140"}],"wp:featuredmedia":[{"embeddable":true,"href":"https:\/\/www.grandhotellapland.se\/en\/wp-json\/wp\/v2\/media\/725"}],"wp:attachment":[{"href":"https:\/\/www.grandhotellapland.se\/en\/wp-json\/wp\/v2\/media?parent=272"}],"wp:term":[{"taxonomy":"grand_section","embeddable":true,"href":"https:\/\/www.grandhotellapland.se\/en\/wp-json\/wp\/v2\/grand_section?post=272"}],"curies":[{"name":"wp","href":"https:\/\/api.w.org\/{rel}","templated":true}]}}