{"id":29,"date":"2017-11-02T05:24:58","date_gmt":"2017-11-02T04:24:58","guid":{"rendered":"https:\/\/www.grandhotellapland.se\/?page_id=29"},"modified":"2019-10-26T12:22:57","modified_gmt":"2019-10-26T10:22:57","slug":"moderate-enkelrum","status":"publish","type":"page","link":"https:\/\/www.grandhotellapland.se\/en\/hotell\/moderate-enkelrum\/","title":{"rendered":"Moderate Single Room"},"content":{"rendered":"<div data-elementor-type=\"wp-page\" data-elementor-id=\"29\" class=\"elementor elementor-29\" data-elementor-post-type=\"page\">\n\t\t\t\t\t\t<section class=\"elementor-section elementor-top-section elementor-element elementor-element-eb93dcd elementor-section-boxed elementor-section-height-default elementor-section-height-default\" data-id=\"eb93dcd\" data-element_type=\"section\">\n\t\t\t\t\t\t<div class=\"elementor-container elementor-column-gap-default\">\n\t\t\t\t\t<div class=\"elementor-column elementor-col-100 elementor-top-column elementor-element elementor-element-5d4fc665\" data-id=\"5d4fc665\" data-element_type=\"column\">\n\t\t\t<div class=\"elementor-widget-wrap elementor-element-populated\">\n\t\t\t\t\t\t<div class=\"elementor-element elementor-element-433e0285 elementor-widget elementor-widget-text-editor\" data-id=\"433e0285\" data-element_type=\"widget\" data-widget_type=\"text-editor.default\">\n\t\t\t\t<div class=\"elementor-widget-container\">\n\t\t\t\t\t\t\t\t\tF\u00f6r 1 person. V\u00e5ra Moderate dubbelrum \u00e4r 20 kvadratmeter stora med en 160 cm, bred dubbels\u00e4ng. Rummen \u00e4r m\u00f6blerade med tv, skrivbord med stol, spegel samt f\u00e5t\u00f6lj. Badrum med wc, dusch och h\u00e5rf\u00f6n. Rummen saknar f\u00f6nster.\n<ul>\n \t<li>Moderate room (without windows)<\/li>\n \t<li>Breakfast included<\/li>\n \t<li>Free Wi-Fi<\/li>\n<\/ul>\t\t\t\t\t\t\t\t<\/div>\n\t\t\t\t<\/div>\n\t\t\t\t<div class=\"elementor-element elementor-element-ca9bfc4 elementor-widget elementor-widget-shortcode\" data-id=\"ca9bfc4\" data-element_type=\"widget\" data-widget_type=\"shortcode.default\">\n\t\t\t\t<div class=\"elementor-widget-container\">\n\t\t\t\t\t\t\t<div class=\"elementor-shortcode\"><script charset=\"UTF-8\" type=\"text\/javascript\" src=\"https:\/\/online.bookvisit.com\/Content\/flexwidget\/FlexWidgetFullScripts.min.js\"><\/script>\n\t<script charset=\"UTF-8\" type=\"text\/javascript\">\n\t(function($) {\n\t\t$.ajax({\n\t\tdataType: \"json\",\n\t\turl: \"https:\/\/online.bookvisit.com\/v2\/widget\/getwidget?channelId=a49e9cfa-9657-43c6-9e4a-b9b80823199a&culture=sv-SE&containerId=widgetContainer&layout=Standard2Columns&openOption=Iframe&displayPromoCode=False&displayCorpCode=False&displayIATACode=False&guestRoomId=eeb64417-d5ff-426a-b59b-2536435cfa5d&jsoncallback=?\",\n\t\txhrFields: { withCredentials: true },\n\t\tsuccess: function(json) {\n\t\t\t$(\"#widgetContainer\").html(json.Widget);\n\t\t}\n\t\t});\n\t})(bvJQuery);\n<\/script>\n<div id=\"widgetContainer\"><\/div><\/div>\n\t\t\t\t\t\t<\/div>\n\t\t\t\t<\/div>\n\t\t\t\t\t<\/div>\n\t\t<\/div>\n\t\t\t\t\t<\/div>\n\t\t<\/section>\n\t\t\t\t<\/div>","protected":false},"excerpt":{"rendered":"<p>Moderate room (without windows)<br \/>\nBreakfast included<br \/>\nFree Wi-Fi<\/p>","protected":false},"author":8,"featured_media":611,"parent":10,"menu_order":100,"comment_status":"closed","ping_status":"closed","template":"","meta":{"_acf_changed":false,"footnotes":""},"grand_section":[],"class_list":["post-29","page","type-page","status-publish","has-post-thumbnail","hentry","kategori-hotellrum"],"acf":[],"_links":{"self":[{"href":"https:\/\/www.grandhotellapland.se\/en\/wp-json\/wp\/v2\/pages\/29","targetHints":{"allow":["GET"]}}],"collection":[{"href":"https:\/\/www.grandhotellapland.se\/en\/wp-json\/wp\/v2\/pages"}],"about":[{"href":"https:\/\/www.grandhotellapland.se\/en\/wp-json\/wp\/v2\/types\/page"}],"author":[{"embeddable":true,"href":"https:\/\/www.grandhotellapland.se\/en\/wp-json\/wp\/v2\/users\/8"}],"replies":[{"embeddable":true,"href":"https:\/\/www.grandhotellapland.se\/en\/wp-json\/wp\/v2\/comments?post=29"}],"version-history":[{"count":5,"href":"https:\/\/www.grandhotellapland.se\/en\/wp-json\/wp\/v2\/pages\/29\/revisions"}],"predecessor-version":[{"id":1280,"href":"https:\/\/www.grandhotellapland.se\/en\/wp-json\/wp\/v2\/pages\/29\/revisions\/1280"}],"up":[{"embeddable":true,"href":"https:\/\/www.grandhotellapland.se\/en\/wp-json\/wp\/v2\/pages\/10"}],"wp:featuredmedia":[{"embeddable":true,"href":"https:\/\/www.grandhotellapland.se\/en\/wp-json\/wp\/v2\/media\/611"}],"wp:attachment":[{"href":"https:\/\/www.grandhotellapland.se\/en\/wp-json\/wp\/v2\/media?parent=29"}],"wp:term":[{"taxonomy":"grand_section","embeddable":true,"href":"https:\/\/www.grandhotellapland.se\/en\/wp-json\/wp\/v2\/grand_section?post=29"}],"curies":[{"name":"wp","href":"https:\/\/api.w.org\/{rel}","templated":true}]}}