{"id":4706,"date":"2025-05-13T09:46:04","date_gmt":"2025-05-13T07:46:04","guid":{"rendered":"https:\/\/www.grandhotellapland.se\/?page_id=4706"},"modified":"2025-05-13T10:04:15","modified_gmt":"2025-05-13T08:04:15","slug":"husdjur","status":"publish","type":"page","link":"https:\/\/www.grandhotellapland.se\/en\/hotell\/husdjur\/","title":{"rendered":"Husdjur"},"content":{"rendered":"<div data-elementor-type=\"wp-page\" data-elementor-id=\"4706\" class=\"elementor elementor-4706\" data-elementor-post-type=\"page\">\n\t\t\t\t\t\t<section class=\"elementor-section elementor-top-section elementor-element elementor-element-5b4a0790 elementor-section-boxed elementor-section-height-default elementor-section-height-default\" data-id=\"5b4a0790\" data-element_type=\"section\">\n\t\t\t\t\t\t<div class=\"elementor-container elementor-column-gap-default\">\n\t\t\t\t\t<div class=\"elementor-column elementor-col-100 elementor-top-column elementor-element elementor-element-2d53eb09\" data-id=\"2d53eb09\" data-element_type=\"column\">\n\t\t\t<div class=\"elementor-widget-wrap elementor-element-populated\">\n\t\t\t\t\t\t<div class=\"elementor-element elementor-element-628e29c elementor-widget elementor-widget-text-editor\" data-id=\"628e29c\" data-element_type=\"widget\" data-widget_type=\"text-editor.default\">\n\t\t\t\t<div class=\"elementor-widget-container\">\n\t\t\t\t\t\t\t\t\t<p>Husdjur \u00e4r v\u00e4lkomna till oss. Om du har med dig en h\u00e5rig kompis s\u00e5 uppge det d\u00e5 du bokar rum. D\u00e5 v\u00e4ljer vi ett djurv\u00e4nligt rum till er. En avgift p\u00e5 150 SEK\/natt tillkommer.<\/p>\t\t\t\t\t\t\t\t<\/div>\n\t\t\t\t<\/div>\n\t\t\t\t<div class=\"elementor-element elementor-element-f5537ec elementor-widget elementor-widget-shortcode\" data-id=\"f5537ec\" data-element_type=\"widget\" data-widget_type=\"shortcode.default\">\n\t\t\t\t<div class=\"elementor-widget-container\">\n\t\t\t\t\t\t\t<div class=\"elementor-shortcode\"><script charset=\"UTF-8\" type=\"text\/javascript\" src=\"https:\/\/online.bookvisit.com\/Content\/flexwidget\/FlexWidgetFullScripts.min.js\"><\/script>\n\t<script charset=\"UTF-8\" type=\"text\/javascript\">\n\t(function($) {\n\t\t$.ajax({\n\t\tdataType: \"json\",\n\t\turl: \"https:\/\/online.bookvisit.com\/v2\/widget\/getwidget?channelId=a49e9cfa-9657-43c6-9e4a-b9b80823199a&culture=sv-SE&containerId=widgetContainer&layout=Standard2Columns&openOption=Iframe&displayPromoCode=False&displayCorpCode=False&displayIATACode=False&guestRoomId=94d6f56d-06e7-4b8b-b2b0-5a6993361438&jsoncallback=?\",\n\t\txhrFields: { withCredentials: true },\n\t\tsuccess: function(json) {\n\t\t\t$(\"#widgetContainer\").html(json.Widget);\n\t\t}\n\t\t});\n\t})(bvJQuery);\n<\/script>\n<div id=\"widgetContainer\"><\/div>\n<\/div>\n\t\t\t\t\t\t<\/div>\n\t\t\t\t<\/div>\n\t\t\t\t\t<\/div>\n\t\t<\/div>\n\t\t\t\t\t<\/div>\n\t\t<\/section>\n\t\t\t\t<\/div>","protected":false},"excerpt":{"rendered":"<p>Husdjur \u00e4r v\u00e4lkomna till oss! Uppge alltid att du har med dig en h\u00e5rig kompis s\u00e5 v\u00e4ljer vi ett av v\u00e5ra djurv\u00e4nligare rum till dig. En avgift p\u00e5 150 SEK\/natt tillkommer.<\/p>","protected":false},"author":8,"featured_media":4707,"parent":10,"menu_order":110,"comment_status":"closed","ping_status":"closed","template":"","meta":{"_acf_changed":false,"footnotes":""},"grand_section":[],"class_list":["post-4706","page","type-page","status-publish","has-post-thumbnail","hentry","kategori-hotellrum"],"acf":[],"_links":{"self":[{"href":"https:\/\/www.grandhotellapland.se\/en\/wp-json\/wp\/v2\/pages\/4706","targetHints":{"allow":["GET"]}}],"collection":[{"href":"https:\/\/www.grandhotellapland.se\/en\/wp-json\/wp\/v2\/pages"}],"about":[{"href":"https:\/\/www.grandhotellapland.se\/en\/wp-json\/wp\/v2\/types\/page"}],"author":[{"embeddable":true,"href":"https:\/\/www.grandhotellapland.se\/en\/wp-json\/wp\/v2\/users\/8"}],"replies":[{"embeddable":true,"href":"https:\/\/www.grandhotellapland.se\/en\/wp-json\/wp\/v2\/comments?post=4706"}],"version-history":[{"count":5,"href":"https:\/\/www.grandhotellapland.se\/en\/wp-json\/wp\/v2\/pages\/4706\/revisions"}],"predecessor-version":[{"id":4717,"href":"https:\/\/www.grandhotellapland.se\/en\/wp-json\/wp\/v2\/pages\/4706\/revisions\/4717"}],"up":[{"embeddable":true,"href":"https:\/\/www.grandhotellapland.se\/en\/wp-json\/wp\/v2\/pages\/10"}],"wp:featuredmedia":[{"embeddable":true,"href":"https:\/\/www.grandhotellapland.se\/en\/wp-json\/wp\/v2\/media\/4707"}],"wp:attachment":[{"href":"https:\/\/www.grandhotellapland.se\/en\/wp-json\/wp\/v2\/media?parent=4706"}],"wp:term":[{"taxonomy":"grand_section","embeddable":true,"href":"https:\/\/www.grandhotellapland.se\/en\/wp-json\/wp\/v2\/grand_section?post=4706"}],"curies":[{"name":"wp","href":"https:\/\/api.w.org\/{rel}","templated":true}]}}