{"id":589,"date":"2018-10-07T19:35:20","date_gmt":"2018-10-07T17:35:20","guid":{"rendered":"https:\/\/www.grandhotellapland.se\/?page_id=589"},"modified":"2025-01-08T17:08:18","modified_gmt":"2025-01-08T16:08:18","slug":"event-nojen","status":"publish","type":"page","link":"https:\/\/www.grandhotellapland.se\/en\/event-nojen\/","title":{"rendered":"Events"},"content":{"rendered":"<div data-elementor-type=\"wp-page\" data-elementor-id=\"589\" class=\"elementor elementor-589\" data-elementor-post-type=\"page\">\n\t\t\t\t\t\t<section class=\"elementor-section elementor-top-section elementor-element elementor-element-9441503 elementor-section-boxed elementor-section-height-default elementor-section-height-default\" data-id=\"9441503\" data-element_type=\"section\">\n\t\t\t\t\t\t<div class=\"elementor-container elementor-column-gap-default\">\n\t\t\t\t\t<div class=\"elementor-column elementor-col-100 elementor-top-column elementor-element elementor-element-350fe37\" data-id=\"350fe37\" data-element_type=\"column\">\n\t\t\t<div class=\"elementor-widget-wrap\">\n\t\t\t\t\t\t\t<\/div>\n\t\t<\/div>\n\t\t\t\t\t<\/div>\n\t\t<\/section>\n\t\t\t\t<section class=\"elementor-section elementor-top-section elementor-element elementor-element-fsjhzaj elementor-section-boxed elementor-section-height-default elementor-section-height-default\" data-id=\"fsjhzaj\" data-element_type=\"section\" data-settings=\"{&quot;background_background&quot;:&quot;classic&quot;}\">\n\t\t\t\t\t\t<div class=\"elementor-container elementor-column-gap-wide\">\n\t\t\t\t\t<div class=\"elementor-column elementor-col-100 elementor-top-column elementor-element elementor-element-igtagsu\" data-id=\"igtagsu\" data-element_type=\"column\">\n\t\t\t<div class=\"elementor-widget-wrap elementor-element-populated\">\n\t\t\t\t\t\t<div class=\"elementor-element elementor-element-cf7dc0d elementor-widget elementor-widget-wp-widget-custom_html\" data-id=\"cf7dc0d\" data-element_type=\"widget\" data-widget_type=\"wp-widget-custom_html.default\">\n\t\t\t\t<div class=\"elementor-widget-container\">\n\t\t\t\t\t<div class=\"textwidget custom-html-widget\"><h3>D\u00e4r det roliga h\u00e4nder<\/h3>\r\nV\u00e4lkommen till oss, h\u00e4r kan du njuta av en fika i v\u00e5rt caf\u00e9, en h\u00e4rlig after work med kollegorna, heja fram ditt hockeylag i Sportbaren eller rocka loss p\u00e5 dansgolvet i Nattklubben. V\u00e5ra speciella event annonserar vi h\u00e4r n\u00e4r det \u00e4r dags, men det finns alltid n\u00e5got f\u00f6r alla smaker hos oss. \r\n\r\n\r\n<\/div>\t\t\t\t<\/div>\n\t\t\t\t<\/div>\n\t\t\t\t<div class=\"elementor-element elementor-element-ddzrhac elementor-widget__width-inherit elementor-grid-3 elementor-grid-tablet-2 elementor-grid-mobile-1 elementor-posts--thumbnail-top elementor-card-shadow-yes elementor-posts__hover-gradient elementor-widget elementor-widget-posts\" data-id=\"ddzrhac\" data-element_type=\"widget\" data-settings=\"{&quot;cards_row_gap&quot;:{&quot;unit&quot;:&quot;px&quot;,&quot;size&quot;:13,&quot;sizes&quot;:[]},&quot;cards_columns&quot;:&quot;3&quot;,&quot;cards_columns_tablet&quot;:&quot;2&quot;,&quot;cards_columns_mobile&quot;:&quot;1&quot;,&quot;cards_row_gap_tablet&quot;:{&quot;unit&quot;:&quot;px&quot;,&quot;size&quot;:&quot;&quot;,&quot;sizes&quot;:[]},&quot;cards_row_gap_mobile&quot;:{&quot;unit&quot;:&quot;px&quot;,&quot;size&quot;:&quot;&quot;,&quot;sizes&quot;:[]}}\" data-widget_type=\"posts.cards\">\n\t\t\t\t<div class=\"elementor-widget-container\">\n\t\t\t\t\t\t\t<div class=\"elementor-posts-container elementor-posts elementor-posts--skin-cards elementor-grid\">\n\t\t\t\t<article class=\"elementor-post elementor-grid-item post-2921 event type-event status-publish has-post-thumbnail hentry\">\n\t\t\t<div class=\"elementor-post__card\">\n\t\t\t\t<a class=\"elementor-post__thumbnail__link\" href=\"https:\/\/www.grandhotellapland.se\/en\/event\/afterwork\/\" tabindex=\"-1\" ><div class=\"elementor-post__thumbnail\"><img fetchpriority=\"high\" decoding=\"async\" width=\"300\" height=\"200\" src=\"https:\/\/www.grandhotellapland.se\/wp-content\/uploads\/2022\/02\/shutterstock_756181831-300x200.jpg\" class=\"attachment-medium size-medium wp-image-2922\" alt=\"\" srcset=\"https:\/\/www.grandhotellapland.se\/wp-content\/uploads\/2022\/02\/shutterstock_756181831-300x200.jpg 300w, https:\/\/www.grandhotellapland.se\/wp-content\/uploads\/2022\/02\/shutterstock_756181831-1024x683.jpg 1024w, https:\/\/www.grandhotellapland.se\/wp-content\/uploads\/2022\/02\/shutterstock_756181831-768x512.jpg 768w, https:\/\/www.grandhotellapland.se\/wp-content\/uploads\/2022\/02\/shutterstock_756181831-1536x1024.jpg 1536w, https:\/\/www.grandhotellapland.se\/wp-content\/uploads\/2022\/02\/shutterstock_756181831-2048x1365.jpg 2048w\" sizes=\"(max-width: 300px) 100vw, 300px\" \/><\/div><\/a>\n\t\t\t\t<div class=\"elementor-post__text\">\n\t\t\t\t<h3 class=\"elementor-post__title\">\n\t\t\t<a href=\"https:\/\/www.grandhotellapland.se\/en\/event\/afterwork\/\" >\n\t\t\t\tAFTERWORK\t\t\t<\/a>\n\t\t<\/h3>\n\t\t\n\t\t<a class=\"elementor-post__read-more\" href=\"https:\/\/www.grandhotellapland.se\/en\/event\/afterwork\/\" aria-label=\"Read more about AFTERWORK\" tabindex=\"-1\" >\n\t\t\tL\u00e4s mer \u00bb\t\t<\/a>\n\n\t\t\t\t<\/div>\n\t\t\t\t\t<\/div>\n\t\t<\/article>\n\t\t\t\t<article class=\"elementor-post elementor-grid-item post-1023 event type-event status-publish has-post-thumbnail hentry\">\n\t\t\t<div class=\"elementor-post__card\">\n\t\t\t\t<a class=\"elementor-post__thumbnail__link\" href=\"https:\/\/www.grandhotellapland.se\/en\/event\/sportbaren\/\" tabindex=\"-1\" ><div class=\"elementor-post__thumbnail\"><img decoding=\"async\" width=\"300\" height=\"169\" src=\"https:\/\/www.grandhotellapland.se\/wp-content\/uploads\/2017\/11\/quality-hotel-lapland-restaurang-bar-300x169.jpg\" class=\"attachment-medium size-medium wp-image-319\" alt=\"\" srcset=\"https:\/\/www.grandhotellapland.se\/wp-content\/uploads\/2017\/11\/quality-hotel-lapland-restaurang-bar-300x169.jpg 300w, https:\/\/www.grandhotellapland.se\/wp-content\/uploads\/2017\/11\/quality-hotel-lapland-restaurang-bar-768x432.jpg 768w, https:\/\/www.grandhotellapland.se\/wp-content\/uploads\/2017\/11\/quality-hotel-lapland-restaurang-bar.jpg 800w\" sizes=\"(max-width: 300px) 100vw, 300px\" \/><\/div><\/a>\n\t\t\t\t<div class=\"elementor-post__text\">\n\t\t\t\t<h3 class=\"elementor-post__title\">\n\t\t\t<a href=\"https:\/\/www.grandhotellapland.se\/en\/event\/sportbaren\/\" >\n\t\t\t\tSPORTSBAR\t\t\t<\/a>\n\t\t<\/h3>\n\t\t\n\t\t<a class=\"elementor-post__read-more\" href=\"https:\/\/www.grandhotellapland.se\/en\/event\/sportbaren\/\" aria-label=\"Read more about SPORTBAREN\" tabindex=\"-1\" >\n\t\t\tL\u00e4s mer \u00bb\t\t<\/a>\n\n\t\t\t\t<\/div>\n\t\t\t\t\t<\/div>\n\t\t<\/article>\n\t\t\t\t<article class=\"elementor-post elementor-grid-item post-2911 event type-event status-publish has-post-thumbnail hentry\">\n\t\t\t<div class=\"elementor-post__card\">\n\t\t\t\t<a class=\"elementor-post__thumbnail__link\" href=\"https:\/\/www.grandhotellapland.se\/en\/event\/nattklubb\/\" tabindex=\"-1\" ><div class=\"elementor-post__thumbnail\"><img decoding=\"async\" width=\"300\" height=\"200\" src=\"https:\/\/www.grandhotellapland.se\/wp-content\/uploads\/2021\/03\/DSC2214-300x200.jpg\" class=\"attachment-medium size-medium wp-image-2476\" alt=\"\" srcset=\"https:\/\/www.grandhotellapland.se\/wp-content\/uploads\/2021\/03\/DSC2214-300x200.jpg 300w, https:\/\/www.grandhotellapland.se\/wp-content\/uploads\/2021\/03\/DSC2214-1024x683.jpg 1024w, https:\/\/www.grandhotellapland.se\/wp-content\/uploads\/2021\/03\/DSC2214-768x512.jpg 768w, https:\/\/www.grandhotellapland.se\/wp-content\/uploads\/2021\/03\/DSC2214-1536x1024.jpg 1536w, https:\/\/www.grandhotellapland.se\/wp-content\/uploads\/2021\/03\/DSC2214-2048x1365.jpg 2048w\" sizes=\"(max-width: 300px) 100vw, 300px\" \/><\/div><\/a>\n\t\t\t\t<div class=\"elementor-post__text\">\n\t\t\t\t<h3 class=\"elementor-post__title\">\n\t\t\t<a href=\"https:\/\/www.grandhotellapland.se\/en\/event\/nattklubb\/\" >\n\t\t\t\tNIGHTCLUB\t\t\t<\/a>\n\t\t<\/h3>\n\t\t\n\t\t<a class=\"elementor-post__read-more\" href=\"https:\/\/www.grandhotellapland.se\/en\/event\/nattklubb\/\" aria-label=\"Read more about NATTKLUBB\" tabindex=\"-1\" >\n\t\t\tL\u00e4s mer \u00bb\t\t<\/a>\n\n\t\t\t\t<\/div>\n\t\t\t\t\t<\/div>\n\t\t<\/article>\n\t\t\t\t<\/div>\n\t\t\n\t\t\t\t\t\t<\/div>\n\t\t\t\t<\/div>\n\t\t\t\t\t<\/div>\n\t\t<\/div>\n\t\t\t\t\t<\/div>\n\t\t<\/section>\n\t\t\t\t<\/div>","protected":false},"excerpt":{"rendered":"<p>In addition to events, parties and entertainment, we also help with weddings and important dates.<\/p>","protected":false},"author":1,"featured_media":755,"parent":0,"menu_order":300,"comment_status":"closed","ping_status":"closed","template":"","meta":{"_acf_changed":false,"footnotes":""},"grand_section":[54],"class_list":["post-589","page","type-page","status-publish","has-post-thumbnail","hentry","kategori-sektion","grand_section-framsida"],"acf":[],"_links":{"self":[{"href":"https:\/\/www.grandhotellapland.se\/en\/wp-json\/wp\/v2\/pages\/589","targetHints":{"allow":["GET"]}}],"collection":[{"href":"https:\/\/www.grandhotellapland.se\/en\/wp-json\/wp\/v2\/pages"}],"about":[{"href":"https:\/\/www.grandhotellapland.se\/en\/wp-json\/wp\/v2\/types\/page"}],"author":[{"embeddable":true,"href":"https:\/\/www.grandhotellapland.se\/en\/wp-json\/wp\/v2\/users\/1"}],"replies":[{"embeddable":true,"href":"https:\/\/www.grandhotellapland.se\/en\/wp-json\/wp\/v2\/comments?post=589"}],"version-history":[{"count":5,"href":"https:\/\/www.grandhotellapland.se\/en\/wp-json\/wp\/v2\/pages\/589\/revisions"}],"predecessor-version":[{"id":4425,"href":"https:\/\/www.grandhotellapland.se\/en\/wp-json\/wp\/v2\/pages\/589\/revisions\/4425"}],"wp:featuredmedia":[{"embeddable":true,"href":"https:\/\/www.grandhotellapland.se\/en\/wp-json\/wp\/v2\/media\/755"}],"wp:attachment":[{"href":"https:\/\/www.grandhotellapland.se\/en\/wp-json\/wp\/v2\/media?parent=589"}],"wp:term":[{"taxonomy":"grand_section","embeddable":true,"href":"https:\/\/www.grandhotellapland.se\/en\/wp-json\/wp\/v2\/grand_section?post=589"}],"curies":[{"name":"wp","href":"https:\/\/api.w.org\/{rel}","templated":true}]}}